{"id":6875,"date":"2023-04-03T11:18:06","date_gmt":"2023-04-03T09:18:06","guid":{"rendered":"https:\/\/www.acousticsolution.cz\/akusticky-panel-mappyfiber-double\/"},"modified":"2025-06-11T17:02:55","modified_gmt":"2025-06-11T15:02:55","slug":"akusticky-panel-mappyfiber-double","status":"publish","type":"product","link":"https:\/\/www.acousticsolution.cz\/sk\/akusticky-panel-mappyfiber-double\/","title":{"rendered":"Akustick\u00fd panel Mappyfiber Double"},"content":{"rendered":"<p>V\u010dely maj\u00fa schopnos\u0165 stava\u0165 dokonal\u00e9 geometrick\u00e9 tvary. Rovnako ako ony s\u00fa na\u0161i dizajn\u00e9ri schopn\u00ed kombinova\u0165 technick\u00e9 schopnosti, kreativitu a&nbsp;tvrd\u00fa pr\u00e1cu, aby vytvorili produkty, ktor\u00e9 sp\u013a\u0148aj\u00fa potreby na\u0161ich z\u00e1kazn\u00edkov.<\/p>\n<p>Panely s\u00fa vyroben\u00e9 z&nbsp;recyklovan\u00e9ho polyesterov\u00e9ho vl\u00e1kna a&nbsp;potiahnut\u00e9 funk\u010dnou l\u00e1tkou. Materi\u00e1l okrem toho, \u017ee je ekologick\u00fd a&nbsp;vhodn\u00fd aj do vlhk\u00e9ho prostredia, m\u00e1 vysok\u00e9 technick\u00e9 vlastnosti zvukovej pohltivosti, ktor\u00e9 \u010dasom nedegraduj\u00fa.<\/p>\n<p>V\u00fdrobok m\u00e1 ozna\u010denie CE a&nbsp;m\u00e1 certifik\u00e1ciu BS1D0 pre reakciu na ohe\u0148.<\/p>\n<p>\u0161\u00edrka 800 mm x v\u00fd\u0161ka 370 mm<\/p>\n","protected":false},"excerpt":{"rendered":"<p>V\u010dely maj\u00fa schopnos\u0165 stava\u0165 dokonal\u00e9 geometrick\u00e9 tvary. Rovnako ako ony s\u00fa na\u0161i dizajn\u00e9ri schopn\u00ed kombinova\u0165 technick\u00e9 schopnosti, kreativitu a&nbsp;tvrd\u00fa pr\u00e1cu, aby vytvorili produkty, ktor\u00e9 sp\u013a\u0148aj\u00fa potreby na\u0161ich z\u00e1kazn\u00edkov. Panely s\u00fa vyroben\u00e9 z&nbsp;recyklovan\u00e9ho polyesterov\u00e9ho vl\u00e1kna a&nbsp;potiahnut\u00e9 funk\u010dnou l\u00e1tkou. Materi\u00e1l okrem toho, \u017ee je ekologick\u00fd a&nbsp;vhodn\u00fd aj do vlhk\u00e9ho prostredia, m\u00e1 vysok\u00e9 technick\u00e9 vlastnosti zvukovej pohltivosti, ktor\u00e9 [&hellip;]<\/p>\n","protected":false},"featured_media":5871,"template":"","meta":{"inline_featured_image":false},"product_cat":[196,197,192,193,194,195],"product_tag":[],"ucel":[158],"material":[156,152],"class_list":{"0":"post-6875","1":"product","2":"type-product","3":"status-publish","4":"has-post-thumbnail","6":"product_cat-akusticke-panely-sk","7":"product_cat-dizajnove-akusticke-panely","8":"product_cat-akustika-v-interieri","9":"product_cat-deca-collection-sk","10":"product_cat-luxusne-dizajnove-prvky-pre-akustiku","11":"product_cat-deca-collection-sk-2","12":"ucel-stena","13":"material-latka","14":"material-polyester","16":"first","17":"instock","18":"shipping-taxable","19":"purchasable","20":"product-type-variable"},"_links":{"self":[{"href":"https:\/\/www.acousticsolution.cz\/sk\/wp-json\/wp\/v2\/product\/6875","targetHints":{"allow":["GET"]}}],"collection":[{"href":"https:\/\/www.acousticsolution.cz\/sk\/wp-json\/wp\/v2\/product"}],"about":[{"href":"https:\/\/www.acousticsolution.cz\/sk\/wp-json\/wp\/v2\/types\/product"}],"wp:featuredmedia":[{"embeddable":true,"href":"https:\/\/www.acousticsolution.cz\/sk\/wp-json\/wp\/v2\/media\/5871"}],"wp:attachment":[{"href":"https:\/\/www.acousticsolution.cz\/sk\/wp-json\/wp\/v2\/media?parent=6875"}],"wp:term":[{"taxonomy":"product_cat","embeddable":true,"href":"https:\/\/www.acousticsolution.cz\/sk\/wp-json\/wp\/v2\/product_cat?post=6875"},{"taxonomy":"product_tag","embeddable":true,"href":"https:\/\/www.acousticsolution.cz\/sk\/wp-json\/wp\/v2\/product_tag?post=6875"},{"taxonomy":"ucel","embeddable":true,"href":"https:\/\/www.acousticsolution.cz\/sk\/wp-json\/wp\/v2\/ucel?post=6875"},{"taxonomy":"material","embeddable":true,"href":"https:\/\/www.acousticsolution.cz\/sk\/wp-json\/wp\/v2\/material?post=6875"}],"curies":[{"name":"wp","href":"https:\/\/api.w.org\/{rel}","templated":true}]}}