{"id":6899,"date":"2023-04-03T08:48:43","date_gmt":"2023-04-03T06:48:43","guid":{"rendered":"https:\/\/www.acousticsolution.cz\/akusticky-panel-mappyfiber-flat-in-frame\/"},"modified":"2025-06-11T17:27:51","modified_gmt":"2025-06-11T15:27:51","slug":"akusticky-panel-mappyfiber-flat-in-frame","status":"publish","type":"product","link":"https:\/\/www.acousticsolution.cz\/sk\/akusticky-panel-mappyfiber-flat-in-frame\/","title":{"rendered":"Akustick\u00fd panel Mappyfiber Flat in frame"},"content":{"rendered":"<p><span style=\"vertical-align: inherit\"><span style=\"vertical-align: inherit\"><span style=\"vertical-align: inherit\"><span style=\"vertical-align: inherit\">Zvuk pohlcuj\u00faci panel vyroben\u00fd z&nbsp;polyesterov\u00e9ho vl\u00e1kna. Zabra\u0148uje vzniku ozveny, zvy\u0161uje zrozumite\u013enos\u0165 re\u010di a&nbsp;zni\u017euje hluk. <\/span><\/span><\/span><span style=\"vertical-align: inherit\"><span style=\"vertical-align: inherit\"><span style=\"vertical-align: inherit\">Na prednej strane je potiahnut\u00fd funk\u010dnou l\u00e1tkou, ktor\u00e1 panelu dod\u00e1va elegantn\u00fd vzh\u013ead. <\/span><\/span><\/span><span style=\"vertical-align: inherit\"><span style=\"vertical-align: inherit\"><span style=\"vertical-align: inherit\">K dispoz\u00edcii je aj \u010diernobiela verzia panelu, ktor\u00e1 nie je potiahnut\u00e1 l\u00e1tkou, ale povrch t\u00fdchto panelov je pre lep\u0161\u00ed estetick\u00fd v\u00fdsledok vyhladen\u00fd. <\/span><\/span><\/span><span style=\"vertical-align: inherit\"><span style=\"vertical-align: inherit\"><span style=\"vertical-align: inherit\">Panely je mo\u017en\u00e9 zapusti\u0165 do dreven\u00e9ho alebo hlin\u00edkov\u00e9ho r\u00e1mu.<\/span><\/span><\/span><\/span><\/p>\n<p><span style=\"vertical-align: inherit\"><span style=\"vertical-align: inherit\"><span style=\"vertical-align: inherit\"><span style=\"vertical-align: inherit\">Panel je samonosn\u00fd, tuh\u00fd, ale \u013eahk\u00fd. <\/span><\/span><\/span><span style=\"vertical-align: inherit\"><span style=\"vertical-align: inherit\"><span style=\"vertical-align: inherit\">M\u00f4\u017ee by\u0165 aplikovan\u00fd na steny a&nbsp;stropy a&nbsp;namiesto stropn\u00fdch kaziet. <\/span><\/span><\/span><span style=\"vertical-align: inherit\"><span style=\"vertical-align: inherit\"><span style=\"vertical-align: inherit\">In\u0161tal\u00e1cia je jednoduch\u00e1, r\u00fdchla a&nbsp;\u010dist\u00e1. <\/span><\/span><\/span><span style=\"vertical-align: inherit\"><span style=\"vertical-align: inherit\"><span style=\"vertical-align: inherit\">Panely je mo\u017en\u00e9 in\u0161talova\u0165 pomocou \u0161tandardn\u00fdch r\u00e1mov T24 alebo ich pripevni\u0165 priamo k&nbsp;povrchu pomocou lepidla na b\u00e1ze neopr\u00e9nu.<br \/>\n<\/span><\/span><\/span><\/span><\/p>\n<p><span style=\"vertical-align: inherit\"><span style=\"vertical-align: inherit\"><span style=\"vertical-align: inherit\"><span style=\"vertical-align: inherit\">Mappyfiber je bezpe\u010dn\u00fd, nepredstavuje \u017eiadne zdravotn\u00e9 riziko av priebehu rokov nedegraduje. <\/span><\/span><\/span><span style=\"vertical-align: inherit\"><span style=\"vertical-align: inherit\"><span style=\"vertical-align: inherit\">Panely s\u00fa \u0161etrn\u00e9 k&nbsp;\u017eivotn\u00e9mu prostrediu, vyroben\u00e9 z&nbsp;plastov\u00fdch PET flia\u0161 a&nbsp;s\u00fa \u00faplne recyklovate\u013en\u00e9. <\/span><\/span><\/span><span style=\"vertical-align: inherit\"><span style=\"vertical-align: inherit\"><span style=\"vertical-align: inherit\">Panel je tie\u017e paropriepustn\u00fd, preto sa pou\u017e\u00edva aj v&nbsp;miestnostiach s&nbsp;vysokou vlhkos\u0165ou.<br \/>\n<\/span><\/span><\/span><\/span><\/p>\n","protected":false},"excerpt":{"rendered":"<p>Zvuk pohlcuj\u00faci panel vyroben\u00fd z&nbsp;polyesterov\u00e9ho vl\u00e1kna. Zabra\u0148uje vzniku ozveny, zvy\u0161uje zrozumite\u013enos\u0165 re\u010di a&nbsp;zni\u017euje hluk. Na prednej strane je potiahnut\u00fd funk\u010dnou l\u00e1tkou, ktor\u00e1 panelu dod\u00e1va elegantn\u00fd vzh\u013ead. K&nbsp;dispoz\u00edcii je aj \u010diernobiela verzia panelu, ktor\u00e1 nie je potiahnut\u00e1 l\u00e1tkou, ale povrch t\u00fdchto panelov je pre lep\u0161\u00ed estetick\u00fd v\u00fdsledok vyhladen\u00fd. Panely je mo\u017en\u00e9 zapusti\u0165 do dreven\u00e9ho alebo [&hellip;]<\/p>\n","protected":false},"featured_media":5864,"template":"","meta":{"inline_featured_image":false},"product_cat":[196,192,208],"product_tag":[],"ucel":[158,161],"material":[152],"class_list":{"0":"post-6899","1":"product","2":"type-product","3":"status-publish","4":"has-post-thumbnail","6":"product_cat-akusticke-panely-sk","7":"product_cat-akustika-v-interieri","8":"product_cat-mappyfiber-sk","9":"ucel-stena","10":"ucel-strop","11":"material-polyester","13":"first","14":"instock","15":"shipping-taxable","16":"purchasable","17":"product-type-variable"},"_links":{"self":[{"href":"https:\/\/www.acousticsolution.cz\/sk\/wp-json\/wp\/v2\/product\/6899","targetHints":{"allow":["GET"]}}],"collection":[{"href":"https:\/\/www.acousticsolution.cz\/sk\/wp-json\/wp\/v2\/product"}],"about":[{"href":"https:\/\/www.acousticsolution.cz\/sk\/wp-json\/wp\/v2\/types\/product"}],"wp:featuredmedia":[{"embeddable":true,"href":"https:\/\/www.acousticsolution.cz\/sk\/wp-json\/wp\/v2\/media\/5864"}],"wp:attachment":[{"href":"https:\/\/www.acousticsolution.cz\/sk\/wp-json\/wp\/v2\/media?parent=6899"}],"wp:term":[{"taxonomy":"product_cat","embeddable":true,"href":"https:\/\/www.acousticsolution.cz\/sk\/wp-json\/wp\/v2\/product_cat?post=6899"},{"taxonomy":"product_tag","embeddable":true,"href":"https:\/\/www.acousticsolution.cz\/sk\/wp-json\/wp\/v2\/product_tag?post=6899"},{"taxonomy":"ucel","embeddable":true,"href":"https:\/\/www.acousticsolution.cz\/sk\/wp-json\/wp\/v2\/ucel?post=6899"},{"taxonomy":"material","embeddable":true,"href":"https:\/\/www.acousticsolution.cz\/sk\/wp-json\/wp\/v2\/material?post=6899"}],"curies":[{"name":"wp","href":"https:\/\/api.w.org\/{rel}","templated":true}]}}