{"id":6932,"date":"2023-04-03T10:50:56","date_gmt":"2023-04-03T08:50:56","guid":{"rendered":"https:\/\/www.acousticsolution.cz\/akusticky-panel-mappyfiber-moon\/"},"modified":"2025-06-12T16:22:17","modified_gmt":"2025-06-12T14:22:17","slug":"akusticky-panel-mappyfiber-moon","status":"publish","type":"product","link":"https:\/\/www.acousticsolution.cz\/sk\/akusticky-panel-mappyfiber-moon\/","title":{"rendered":"Akustick\u00fd panel Mappyfiber Moon"},"content":{"rendered":"<p>Predstavte si, \u017ee ste pri mori. Vlny sa dot\u00fdkaj\u00fa pobre\u017eia a&nbsp;vyd\u00e1vaj\u00fa jemn\u00fd zvuk a&nbsp;vy pozorujete na oblohe mesiac \u017eiariaci medzi mili\u00f3nmi hviezd.<\/p>\n<p>Panely s\u00fa vyroben\u00e9 z&nbsp;recyklovan\u00e9ho polyesterov\u00e9ho vl\u00e1kna a&nbsp;potiahnut\u00e9 funk\u010dnou l\u00e1tkou. Materi\u00e1l okrem toho, \u017ee je ekologick\u00fd a&nbsp;vhodn\u00fd aj do vlhk\u00e9ho prostredia, m\u00e1 vysok\u00e9 technick\u00e9 vlastnosti zvukovej pohltivosti, ktor\u00e9 \u010dasom nedegraduj\u00fa.<\/p>\n<p>V\u00fdrobok m\u00e1 ozna\u010denie CE a&nbsp;m\u00e1 certifik\u00e1ciu BS1D0 pre reakciu na ohe\u0148.<\/p>\n<p>Rozmery:<br \/>\npriemer 570mm<br \/>\npriemer 790mm<\/p>\n","protected":false},"excerpt":{"rendered":"<p>Predstavte si, \u017ee ste pri mori. Vlny sa dot\u00fdkaj\u00fa pobre\u017eia a&nbsp;vyd\u00e1vaj\u00fa jemn\u00fd zvuk a&nbsp;vy pozorujete na oblohe mesiac \u017eiariaci medzi mili\u00f3nmi hviezd. Panely s\u00fa vyroben\u00e9 z&nbsp;recyklovan\u00e9ho polyesterov\u00e9ho vl\u00e1kna a&nbsp;potiahnut\u00e9 funk\u010dnou l\u00e1tkou. Materi\u00e1l okrem toho, \u017ee je ekologick\u00fd a&nbsp;vhodn\u00fd aj do vlhk\u00e9ho prostredia, m\u00e1 vysok\u00e9 technick\u00e9 vlastnosti zvukovej pohltivosti, ktor\u00e9 \u010dasom nedegraduj\u00fa. V\u00fdrobok m\u00e1 ozna\u010denie CE [&hellip;]<\/p>\n","protected":false},"featured_media":5881,"template":"","meta":{"inline_featured_image":false},"product_cat":[196,197,192,193,194,195],"product_tag":[],"ucel":[158,161],"material":[156,152],"class_list":{"0":"post-6932","1":"product","2":"type-product","3":"status-publish","4":"has-post-thumbnail","6":"product_cat-akusticke-panely-sk","7":"product_cat-dizajnove-akusticke-panely","8":"product_cat-akustika-v-interieri","9":"product_cat-deca-collection-sk","10":"product_cat-luxusne-dizajnove-prvky-pre-akustiku","11":"product_cat-deca-collection-sk-2","12":"ucel-stena","13":"ucel-strop","14":"material-latka","15":"material-polyester","17":"first","18":"instock","19":"shipping-taxable","20":"purchasable","21":"product-type-variable"},"_links":{"self":[{"href":"https:\/\/www.acousticsolution.cz\/sk\/wp-json\/wp\/v2\/product\/6932","targetHints":{"allow":["GET"]}}],"collection":[{"href":"https:\/\/www.acousticsolution.cz\/sk\/wp-json\/wp\/v2\/product"}],"about":[{"href":"https:\/\/www.acousticsolution.cz\/sk\/wp-json\/wp\/v2\/types\/product"}],"wp:featuredmedia":[{"embeddable":true,"href":"https:\/\/www.acousticsolution.cz\/sk\/wp-json\/wp\/v2\/media\/5881"}],"wp:attachment":[{"href":"https:\/\/www.acousticsolution.cz\/sk\/wp-json\/wp\/v2\/media?parent=6932"}],"wp:term":[{"taxonomy":"product_cat","embeddable":true,"href":"https:\/\/www.acousticsolution.cz\/sk\/wp-json\/wp\/v2\/product_cat?post=6932"},{"taxonomy":"product_tag","embeddable":true,"href":"https:\/\/www.acousticsolution.cz\/sk\/wp-json\/wp\/v2\/product_tag?post=6932"},{"taxonomy":"ucel","embeddable":true,"href":"https:\/\/www.acousticsolution.cz\/sk\/wp-json\/wp\/v2\/ucel?post=6932"},{"taxonomy":"material","embeddable":true,"href":"https:\/\/www.acousticsolution.cz\/sk\/wp-json\/wp\/v2\/material?post=6932"}],"curies":[{"name":"wp","href":"https:\/\/api.w.org\/{rel}","templated":true}]}}