{"id":6944,"date":"2023-04-03T10:27:28","date_gmt":"2023-04-03T08:27:28","guid":{"rendered":"https:\/\/www.acousticsolution.cz\/akusticky-panel-mappyfiber-rain\/"},"modified":"2025-06-12T16:25:03","modified_gmt":"2025-06-12T14:25:03","slug":"akusticky-panel-mappyfiber-rain","status":"publish","type":"product","link":"https:\/\/www.acousticsolution.cz\/sk\/akusticky-panel-mappyfiber-rain\/","title":{"rendered":"Akustick\u00fd panel Mappyfiber Rain"},"content":{"rendered":"<p>Dokonca aj tak jednoduch\u00fd a&nbsp;v\u0161edn\u00fd predmet, ako je d\u00e1\u017ednik, sa m\u00f4\u017ee sta\u0165 synonymom umeleck\u00e9ho vyjadrenia. Po\u010dujete zvuk da\u017e\u010fa, ktor\u00fd jemne \u0161um\u00ed? Panely s\u00fa vyroben\u00e9 z&nbsp;recyklovan\u00e9ho polyesterov\u00e9ho vl\u00e1kna a&nbsp;potiahnut\u00e9 funk\u010dnou l\u00e1tkou. Okrem toho, \u017ee je ekologick\u00fd a&nbsp;vhodn\u00fd aj do vlhk\u00e9ho prostredia, m\u00e1 vysok\u00e9 technick\u00e9 vlastnosti zvukovej pohltivosti, ktor\u00e9 \u010dasom nedegraduj\u00fa.<br \/>\nV\u00fdrobok m\u00e1 ozna\u010denie CE a&nbsp;m\u00e1 certifik\u00e1ciu BS1D0 pre reakciu na ohe\u0148. Dostupn\u00e9 ve\u013ekosti<\/p>\n<p>priemer 370mm<br \/>\npriemer 570mm<br \/>\npriemer 790mm<\/p>\n","protected":false},"excerpt":{"rendered":"<p>Dokonca aj tak jednoduch\u00fd a&nbsp;v\u0161edn\u00fd predmet, ako je d\u00e1\u017ednik, sa m\u00f4\u017ee sta\u0165 synonymom umeleck\u00e9ho vyjadrenia. Po\u010dujete zvuk da\u017e\u010fa, ktor\u00fd jemne \u0161um\u00ed? Panely s\u00fa vyroben\u00e9 z&nbsp;recyklovan\u00e9ho polyesterov\u00e9ho vl\u00e1kna a&nbsp;potiahnut\u00e9 funk\u010dnou l\u00e1tkou. Okrem toho, \u017ee je ekologick\u00fd a&nbsp;vhodn\u00fd aj do vlhk\u00e9ho prostredia, m\u00e1 vysok\u00e9 technick\u00e9 vlastnosti zvukovej pohltivosti, ktor\u00e9 \u010dasom nedegraduj\u00fa. V\u00fdrobok m\u00e1 ozna\u010denie CE a&nbsp;m\u00e1 certifik\u00e1ciu [&hellip;]<\/p>\n","protected":false},"featured_media":5884,"template":"","meta":{"inline_featured_image":false},"product_cat":[196,197,192,193,194,195],"product_tag":[],"ucel":[158],"material":[156,152],"class_list":{"0":"post-6944","1":"product","2":"type-product","3":"status-publish","4":"has-post-thumbnail","6":"product_cat-akusticke-panely-sk","7":"product_cat-dizajnove-akusticke-panely","8":"product_cat-akustika-v-interieri","9":"product_cat-deca-collection-sk","10":"product_cat-luxusne-dizajnove-prvky-pre-akustiku","11":"product_cat-deca-collection-sk-2","12":"ucel-stena","13":"material-latka","14":"material-polyester","16":"first","17":"instock","18":"shipping-taxable","19":"purchasable","20":"product-type-variable"},"_links":{"self":[{"href":"https:\/\/www.acousticsolution.cz\/sk\/wp-json\/wp\/v2\/product\/6944","targetHints":{"allow":["GET"]}}],"collection":[{"href":"https:\/\/www.acousticsolution.cz\/sk\/wp-json\/wp\/v2\/product"}],"about":[{"href":"https:\/\/www.acousticsolution.cz\/sk\/wp-json\/wp\/v2\/types\/product"}],"wp:featuredmedia":[{"embeddable":true,"href":"https:\/\/www.acousticsolution.cz\/sk\/wp-json\/wp\/v2\/media\/5884"}],"wp:attachment":[{"href":"https:\/\/www.acousticsolution.cz\/sk\/wp-json\/wp\/v2\/media?parent=6944"}],"wp:term":[{"taxonomy":"product_cat","embeddable":true,"href":"https:\/\/www.acousticsolution.cz\/sk\/wp-json\/wp\/v2\/product_cat?post=6944"},{"taxonomy":"product_tag","embeddable":true,"href":"https:\/\/www.acousticsolution.cz\/sk\/wp-json\/wp\/v2\/product_tag?post=6944"},{"taxonomy":"ucel","embeddable":true,"href":"https:\/\/www.acousticsolution.cz\/sk\/wp-json\/wp\/v2\/ucel?post=6944"},{"taxonomy":"material","embeddable":true,"href":"https:\/\/www.acousticsolution.cz\/sk\/wp-json\/wp\/v2\/material?post=6944"}],"curies":[{"name":"wp","href":"https:\/\/api.w.org\/{rel}","templated":true}]}}