{"id":6962,"date":"2023-04-03T11:02:46","date_gmt":"2023-04-03T09:02:46","guid":{"rendered":"https:\/\/www.acousticsolution.cz\/akusticky-panel-mappyfiber-shape\/"},"modified":"2025-06-12T16:27:52","modified_gmt":"2025-06-12T14:27:52","slug":"akusticky-panel-mappyfiber-shape","status":"publish","type":"product","link":"https:\/\/www.acousticsolution.cz\/sk\/akusticky-panel-mappyfiber-shape\/","title":{"rendered":"Akustick\u00fd panel Mappyfiber Shape"},"content":{"rendered":"<p>Tento panel sa zrodil z&nbsp;my\u0161lienky vytvori\u0165 pohyb tam, kde kontext na vytvorenie atmosf\u00e9ry nesta\u010d\u00ed. Tvary tvoria priestor ako farby na maliarskom pl\u00e1tne.<\/p>\n<p>Panely s\u00fa vyroben\u00e9 z&nbsp;recyklovan\u00e9ho polyesterov\u00e9ho vl\u00e1kna a&nbsp;potiahnut\u00e9 funk\u010dnou l\u00e1tkou. Materi\u00e1l okrem toho, \u017ee je ekologick\u00fd a&nbsp;vhodn\u00fd aj do vlhk\u00e9ho prostredia, m\u00e1 vysok\u00e9 technick\u00e9 vlastnosti zvukovej pohltivosti, ktor\u00e9 \u010dasom nedegraduj\u00fa.<\/p>\n<p>V\u00fdrobok m\u00e1 ozna\u010denie CE a&nbsp;m\u00e1 certifik\u00e1ciu BS1D0 pre reakciu na ohe\u0148.<\/p>\n<p>Priadzu pre ka\u017ed\u00fd jednotliv\u00fd panel si m\u00f4\u017eete vybra\u0165 z&nbsp;desiati navrhov.<br \/>\nRozmery jednotliv\u00fdch panelov<br \/>\n400 mm x 400 mm<br \/>\n537 mm x 894 mm<br \/>\n537 mm x 714 mm<br \/>\n448 mm x 894 mm<\/p>\n","protected":false},"excerpt":{"rendered":"<p>Tento panel sa zrodil z&nbsp;my\u0161lienky vytvori\u0165 pohyb tam, kde kontext na vytvorenie atmosf\u00e9ry nesta\u010d\u00ed. Tvary tvoria priestor ako farby na maliarskom pl\u00e1tne. Panely s\u00fa vyroben\u00e9 z&nbsp;recyklovan\u00e9ho polyesterov\u00e9ho vl\u00e1kna a&nbsp;potiahnut\u00e9 funk\u010dnou l\u00e1tkou. Materi\u00e1l okrem toho, \u017ee je ekologick\u00fd a&nbsp;vhodn\u00fd aj do vlhk\u00e9ho prostredia, m\u00e1 vysok\u00e9 technick\u00e9 vlastnosti zvukovej pohltivosti, ktor\u00e9 \u010dasom nedegraduj\u00fa. V\u00fdrobok m\u00e1 ozna\u010denie CE [&hellip;]<\/p>\n","protected":false},"featured_media":5875,"template":"","meta":{"inline_featured_image":false},"product_cat":[196,197,192,193,194,195],"product_tag":[],"ucel":[158],"material":[156,152],"class_list":{"0":"post-6962","1":"product","2":"type-product","3":"status-publish","4":"has-post-thumbnail","6":"product_cat-akusticke-panely-sk","7":"product_cat-dizajnove-akusticke-panely","8":"product_cat-akustika-v-interieri","9":"product_cat-deca-collection-sk","10":"product_cat-luxusne-dizajnove-prvky-pre-akustiku","11":"product_cat-deca-collection-sk-2","12":"ucel-stena","13":"material-latka","14":"material-polyester","16":"first","17":"instock","18":"shipping-taxable","19":"purchasable","20":"product-type-variable"},"_links":{"self":[{"href":"https:\/\/www.acousticsolution.cz\/sk\/wp-json\/wp\/v2\/product\/6962","targetHints":{"allow":["GET"]}}],"collection":[{"href":"https:\/\/www.acousticsolution.cz\/sk\/wp-json\/wp\/v2\/product"}],"about":[{"href":"https:\/\/www.acousticsolution.cz\/sk\/wp-json\/wp\/v2\/types\/product"}],"wp:featuredmedia":[{"embeddable":true,"href":"https:\/\/www.acousticsolution.cz\/sk\/wp-json\/wp\/v2\/media\/5875"}],"wp:attachment":[{"href":"https:\/\/www.acousticsolution.cz\/sk\/wp-json\/wp\/v2\/media?parent=6962"}],"wp:term":[{"taxonomy":"product_cat","embeddable":true,"href":"https:\/\/www.acousticsolution.cz\/sk\/wp-json\/wp\/v2\/product_cat?post=6962"},{"taxonomy":"product_tag","embeddable":true,"href":"https:\/\/www.acousticsolution.cz\/sk\/wp-json\/wp\/v2\/product_tag?post=6962"},{"taxonomy":"ucel","embeddable":true,"href":"https:\/\/www.acousticsolution.cz\/sk\/wp-json\/wp\/v2\/ucel?post=6962"},{"taxonomy":"material","embeddable":true,"href":"https:\/\/www.acousticsolution.cz\/sk\/wp-json\/wp\/v2\/material?post=6962"}],"curies":[{"name":"wp","href":"https:\/\/api.w.org\/{rel}","templated":true}]}}