{"id":6973,"date":"2023-04-03T11:16:11","date_gmt":"2023-04-03T09:16:11","guid":{"rendered":"https:\/\/www.acousticsolution.cz\/akusticky-panel-mappyfiber-square\/"},"modified":"2025-06-12T16:31:38","modified_gmt":"2025-06-12T14:31:38","slug":"akusticky-panel-mappyfiber-square","status":"publish","type":"product","link":"https:\/\/www.acousticsolution.cz\/sk\/akusticky-panel-mappyfiber-square\/","title":{"rendered":"Akustick\u00fd panel Mappyfiber Square"},"content":{"rendered":"<p>P\u00f4vodnou my\u0161lienkou na\u0161ich dizajn\u00e9rov bolo in\u0161pirova\u0165 sa poh\u013eadom na n\u00e1mest\u00edm zhora. Potom ich ale my\u0161lienky zaviedli do vzdialen\u00fdch kraj\u00edn. Pri navrhovan\u00ed tohto panelu sa vynorili spomienky na dlh\u00e9 prech\u00e1dzky medzi radmi \u010dajov\u00fdch plant\u00e1\u017e\u00ed v&nbsp;juhov\u00fdchodnej \u00c1zii. Prostredn\u00edctvom ich tvorby v\u00e1s chceme vzia\u0165 do t\u00fdchto k\u00fazeln\u00fdch miest.<\/p>\n<p>Panely s\u00fa vyroben\u00e9 z&nbsp;recyklovan\u00e9ho polyesterov\u00e9ho vl\u00e1kna a&nbsp;potiahnut\u00e9 funk\u010dnou l\u00e1tkou. Materi\u00e1l okrem toho, \u017ee je ekologick\u00fd a&nbsp;vhodn\u00fd aj do vlhk\u00e9ho prostredia, m\u00e1 vysok\u00e9 technick\u00e9 vlastnosti zvukovej pohltivosti, ktor\u00e9 \u010dasom nedegraduj\u00fa.<\/p>\n<p>V\u00fdrobok m\u00e1 ozna\u010denie CE a&nbsp;m\u00e1 certifik\u00e1ciu BS1D0 pre reakciu na ohe\u0148.<\/p>\n<p>Priadzu pre ka\u017ed\u00fd jednotliv\u00fd panel si m\u00f4\u017eete vybra\u0165 z&nbsp;desiati navrhovan\u00fdch priadz\u00ed.<br \/>\nRozmery jednotliv\u00fdch panelov<br \/>\n700 mm x 300 mm<br \/>\n800 mm x 400 mm<br \/>\n800 mm x 200 mm<br \/>\n700 mm x 100 mm<\/p>\n","protected":false},"excerpt":{"rendered":"<p>P\u00f4vodnou my\u0161lienkou na\u0161ich dizajn\u00e9rov bolo in\u0161pirova\u0165 sa poh\u013eadom na n\u00e1mest\u00edm zhora. Potom ich ale my\u0161lienky zaviedli do vzdialen\u00fdch kraj\u00edn. Pri navrhovan\u00ed tohto panelu sa vynorili spomienky na dlh\u00e9 prech\u00e1dzky medzi radmi \u010dajov\u00fdch plant\u00e1\u017e\u00ed v&nbsp;juhov\u00fdchodnej \u00c1zii. Prostredn\u00edctvom ich tvorby v\u00e1s chceme vzia\u0165 do t\u00fdchto k\u00fazeln\u00fdch miest. Panely s\u00fa vyroben\u00e9 z&nbsp;recyklovan\u00e9ho polyesterov\u00e9ho vl\u00e1kna a&nbsp;potiahnut\u00e9 funk\u010dnou l\u00e1tkou. Materi\u00e1l [&hellip;]<\/p>\n","protected":false},"featured_media":5872,"template":"","meta":{"inline_featured_image":false},"product_cat":[196,197,192,193,194,195],"product_tag":[],"ucel":[158],"material":[156,152],"class_list":{"0":"post-6973","1":"product","2":"type-product","3":"status-publish","4":"has-post-thumbnail","6":"product_cat-akusticke-panely-sk","7":"product_cat-dizajnove-akusticke-panely","8":"product_cat-akustika-v-interieri","9":"product_cat-deca-collection-sk","10":"product_cat-luxusne-dizajnove-prvky-pre-akustiku","11":"product_cat-deca-collection-sk-2","12":"ucel-stena","13":"material-latka","14":"material-polyester","16":"first","17":"instock","18":"shipping-taxable","19":"purchasable","20":"product-type-variable"},"_links":{"self":[{"href":"https:\/\/www.acousticsolution.cz\/sk\/wp-json\/wp\/v2\/product\/6973","targetHints":{"allow":["GET"]}}],"collection":[{"href":"https:\/\/www.acousticsolution.cz\/sk\/wp-json\/wp\/v2\/product"}],"about":[{"href":"https:\/\/www.acousticsolution.cz\/sk\/wp-json\/wp\/v2\/types\/product"}],"wp:featuredmedia":[{"embeddable":true,"href":"https:\/\/www.acousticsolution.cz\/sk\/wp-json\/wp\/v2\/media\/5872"}],"wp:attachment":[{"href":"https:\/\/www.acousticsolution.cz\/sk\/wp-json\/wp\/v2\/media?parent=6973"}],"wp:term":[{"taxonomy":"product_cat","embeddable":true,"href":"https:\/\/www.acousticsolution.cz\/sk\/wp-json\/wp\/v2\/product_cat?post=6973"},{"taxonomy":"product_tag","embeddable":true,"href":"https:\/\/www.acousticsolution.cz\/sk\/wp-json\/wp\/v2\/product_tag?post=6973"},{"taxonomy":"ucel","embeddable":true,"href":"https:\/\/www.acousticsolution.cz\/sk\/wp-json\/wp\/v2\/ucel?post=6973"},{"taxonomy":"material","embeddable":true,"href":"https:\/\/www.acousticsolution.cz\/sk\/wp-json\/wp\/v2\/material?post=6973"}],"curies":[{"name":"wp","href":"https:\/\/api.w.org\/{rel}","templated":true}]}}