{"id":7007,"date":"2023-04-03T11:19:05","date_gmt":"2023-04-03T09:19:05","guid":{"rendered":"https:\/\/www.acousticsolution.cz\/akusticky-panel-mappyfiber-bag\/"},"modified":"2025-06-13T11:29:22","modified_gmt":"2025-06-13T09:29:22","slug":"bag","status":"publish","type":"product","link":"https:\/\/www.acousticsolution.cz\/sk\/bag\/","title":{"rendered":"Akustick\u00fd panel Mappyfiber Bag"},"content":{"rendered":"<p>Taliansko je dobre zn\u00e1me t\u00fdm, \u017ee je jedn\u00fdm z&nbsp;l\u00eddrov v&nbsp;m\u00f3dnom sektore a&nbsp;tento panel je poctou schopnostiam talianskych \u0161tylistov. Ich odbornos\u0165, pozornos\u0165 ku ka\u017ed\u00e9mu detailu a&nbsp;zameranie na vysok\u00fa kvalitu s\u00fa pre n\u00e1s in\u0161pir\u00e1ciou.<\/p>\n<p>Panely s\u00fa vyroben\u00e9 z&nbsp;recyklovan\u00e9ho polyesterov\u00e9ho vl\u00e1kna a&nbsp;potiahnut\u00e9 funk\u010dnou l\u00e1tkou. Materi\u00e1l okrem toho, \u017ee je ekologick\u00fd a&nbsp;vhodn\u00fd aj do vlhk\u00e9ho prostredia, m\u00e1 vysok\u00e9 technick\u00e9 vlastnosti zvukovej pohltivosti, ktor\u00e9 \u010dasom nedegraduj\u00fa.<\/p>\n<p>V\u00fdrobok m\u00e1 ozna\u010denie CE a&nbsp;m\u00e1 certifik\u00e1ciu BS1D0 pre reakciu na ohe\u0148.<\/p>\n<p>Dostupn\u00e9 ve\u013ekosti<\/p>\n<p>priemer 370mm<br \/>\npriemer 560mm<br \/>\npriemer 790mm<\/p>\n","protected":false},"excerpt":{"rendered":"<p>Taliansko je dobre zn\u00e1me t\u00fdm, \u017ee je jedn\u00fdm z&nbsp;l\u00eddrov v&nbsp;m\u00f3dnom sektore a&nbsp;tento panel je poctou schopnostiam talianskych \u0161tylistov. Ich odbornos\u0165, pozornos\u0165 ku ka\u017ed\u00e9mu detailu a&nbsp;zameranie na vysok\u00fa kvalitu s\u00fa pre n\u00e1s in\u0161pir\u00e1ciou. Panely s\u00fa vyroben\u00e9 z&nbsp;recyklovan\u00e9ho polyesterov\u00e9ho vl\u00e1kna a&nbsp;potiahnut\u00e9 funk\u010dnou l\u00e1tkou. Materi\u00e1l okrem toho, \u017ee je ekologick\u00fd a&nbsp;vhodn\u00fd aj do vlhk\u00e9ho prostredia, m\u00e1 vysok\u00e9 technick\u00e9 [&hellip;]<\/p>\n","protected":false},"featured_media":5870,"template":"","meta":{"inline_featured_image":false},"product_cat":[196,197,192,193,194,195],"product_tag":[],"ucel":[158],"material":[156,152],"class_list":{"0":"post-7007","1":"product","2":"type-product","3":"status-publish","4":"has-post-thumbnail","6":"product_cat-akusticke-panely-sk","7":"product_cat-dizajnove-akusticke-panely","8":"product_cat-akustika-v-interieri","9":"product_cat-deca-collection-sk","10":"product_cat-luxusne-dizajnove-prvky-pre-akustiku","11":"product_cat-deca-collection-sk-2","12":"ucel-stena","13":"material-latka","14":"material-polyester","16":"first","17":"instock","18":"shipping-taxable","19":"purchasable","20":"product-type-variable"},"_links":{"self":[{"href":"https:\/\/www.acousticsolution.cz\/sk\/wp-json\/wp\/v2\/product\/7007","targetHints":{"allow":["GET"]}}],"collection":[{"href":"https:\/\/www.acousticsolution.cz\/sk\/wp-json\/wp\/v2\/product"}],"about":[{"href":"https:\/\/www.acousticsolution.cz\/sk\/wp-json\/wp\/v2\/types\/product"}],"wp:featuredmedia":[{"embeddable":true,"href":"https:\/\/www.acousticsolution.cz\/sk\/wp-json\/wp\/v2\/media\/5870"}],"wp:attachment":[{"href":"https:\/\/www.acousticsolution.cz\/sk\/wp-json\/wp\/v2\/media?parent=7007"}],"wp:term":[{"taxonomy":"product_cat","embeddable":true,"href":"https:\/\/www.acousticsolution.cz\/sk\/wp-json\/wp\/v2\/product_cat?post=7007"},{"taxonomy":"product_tag","embeddable":true,"href":"https:\/\/www.acousticsolution.cz\/sk\/wp-json\/wp\/v2\/product_tag?post=7007"},{"taxonomy":"ucel","embeddable":true,"href":"https:\/\/www.acousticsolution.cz\/sk\/wp-json\/wp\/v2\/ucel?post=7007"},{"taxonomy":"material","embeddable":true,"href":"https:\/\/www.acousticsolution.cz\/sk\/wp-json\/wp\/v2\/material?post=7007"}],"curies":[{"name":"wp","href":"https:\/\/api.w.org\/{rel}","templated":true}]}}