{"id":7024,"date":"2023-01-17T22:04:52","date_gmt":"2023-01-17T21:04:52","guid":{"rendered":"https:\/\/www.acousticsolution.cz\/akusticke-panely-mappyfiber-flat\/"},"modified":"2026-03-31T00:08:26","modified_gmt":"2026-03-30T22:08:26","slug":"akusticke-panely-mappyfiber-flat","status":"publish","type":"product","link":"https:\/\/www.acousticsolution.cz\/sk\/akusticke-panely-mappyfiber-flat\/","title":{"rendered":"Akustick\u00e9 panely Mappyfiber Flat"},"content":{"rendered":"<p>Akustick\u00fd absorp\u010dn\u00fd panel.<\/p>\n<p>Zabra\u0148uje vzniku ozveny, zvy\u0161uje zrozumite\u013enos\u0165 re\u010di a&nbsp;zni\u017euje hluk v&nbsp;miestnosti. Rad farebn\u00fdch variantov sp\u013a\u0148a n\u00e1ro\u010dn\u00e9 po\u017eiadavky na estetiku a&nbsp;dizajn.<\/p>\n<p><strong>Mappyfiber<\/strong> je samonosn\u00fd, tuh\u00fd, ale \u013eahk\u00fd. Mo\u017eno ho aplikova\u0165 na steny aj stropy a&nbsp;namiesto podh\u013eadov\u00fdch kaziet. In\u0161tal\u00e1cia je jednoduch\u00e1, r\u00fdchla a&nbsp;\u010dist\u00e1, pomocou \u0161tandardn\u00fdch r\u00e1m\u010dekov T24 alebo je mo\u017en\u00e9 panely upevni\u0165 priamo na povrch pomocou lepidla na b\u00e1ze neopr\u00e9nov\u00e9ho materi\u00e1lu.<\/p>\n<p>Materi\u00e1l m\u00e1 <strong>CE certifik\u00e1t<\/strong>. Je bezpe\u010dn\u00fd, nepredstavuje \u017eiadne zdravotn\u00e9 riziko a&nbsp;po\u010das rokov nedegraduje. Panely s\u00fa \u0161etrn\u00e9 k&nbsp;\u017eivotn\u00e9mu prostrediu a&nbsp;\u00faplne recyklovate\u013en\u00e9.<\/p>\n<p>Mappyfiber je paropriepustn\u00fd a&nbsp;vhodn\u00fd do priestoru s&nbsp;vysokou vlhkos\u0165ou. Vyr\u00e1ba sa z&nbsp;vl\u00e1kna <a href=\"https:\/\/www.acousticsolution.cz\/wp-content\/uploads\/2023\/01\/mappyfiber_flat_bile_vlakno.jpg\"><strong><em>bielej<\/em><\/strong><\/a> farby, <a href=\"https:\/\/www.acousticsolution.cz\/wp-content\/uploads\/2023\/01\/mappyfiber_flat_cerne_vlakno.jpg\"><em><strong>\u010diernej<\/strong><\/em><\/a> farby a&nbsp;farby <a href=\"https:\/\/www.acousticsolution.cz\/wp-content\/uploads\/2023\/01\/myppyfiber_flat_melange-rotated.jpg\"><em><strong>melange<\/strong><\/em><\/a>. \u010ealej je mo\u017en\u00e9 povrch panela potiahnu\u0165 nieko\u013ek\u00fdmi druhmi text\u00edlie v&nbsp;r\u00f4znych farebn\u00fdch variantoch.<\/p>\n<p><a href=\"https:\/\/drive.google.com\/file\/d\/1LI1SlWmMg8vjRfdt1aafvLwsQSaWDGY2\/view?usp=drive_link\" target=\"_blank\" rel=\"noopener\"><strong>Technick\u00e1 data<\/strong><span style=\"color: #333399\">\u00a0&gt;&gt; odkaz zde&lt;&lt;<\/span><\/a><\/p>\n","protected":false},"excerpt":{"rendered":"<p>Akustick\u00fd absorp\u010dn\u00fd panel. Zabra\u0148uje vzniku ozveny, zvy\u0161uje zrozumite\u013enos\u0165 re\u010di a&nbsp;zni\u017euje hluk v&nbsp;miestnosti. Rad farebn\u00fdch variantov sp\u013a\u0148a n\u00e1ro\u010dn\u00e9 po\u017eiadavky na estetiku a&nbsp;dizajn. Mappyfiber je samonosn\u00fd, tuh\u00fd, ale \u013eahk\u00fd. Mo\u017eno ho aplikova\u0165 na steny aj stropy a&nbsp;namiesto podh\u013eadov\u00fdch kaziet. In\u0161tal\u00e1cia je jednoduch\u00e1, r\u00fdchla a&nbsp;\u010dist\u00e1, pomocou \u0161tandardn\u00fdch r\u00e1m\u010dekov T24 alebo je mo\u017en\u00e9 panely upevni\u0165 priamo na povrch pomocou [&hellip;]<\/p>\n","protected":false},"featured_media":5851,"template":"","meta":{"inline_featured_image":false},"product_cat":[196,211,214,192,208],"product_tag":[215],"ucel":[158,161],"material":[152],"class_list":{"0":"post-7024","1":"product","2":"type-product","3":"status-publish","4":"has-post-thumbnail","6":"product_cat-akusticke-panely-sk","7":"product_cat-akustika-pre-skoly-a-obce","8":"product_cat-mappyfiber-sk-2","9":"product_cat-akustika-v-interieri","10":"product_cat-mappyfiber-sk","11":"product_tag-top-sk","12":"ucel-stena","13":"ucel-strop","14":"material-polyester","16":"first","17":"instock","18":"shipping-taxable","19":"purchasable","20":"product-type-variable","21":"has-default-attributes"},"_links":{"self":[{"href":"https:\/\/www.acousticsolution.cz\/sk\/wp-json\/wp\/v2\/product\/7024","targetHints":{"allow":["GET"]}}],"collection":[{"href":"https:\/\/www.acousticsolution.cz\/sk\/wp-json\/wp\/v2\/product"}],"about":[{"href":"https:\/\/www.acousticsolution.cz\/sk\/wp-json\/wp\/v2\/types\/product"}],"wp:featuredmedia":[{"embeddable":true,"href":"https:\/\/www.acousticsolution.cz\/sk\/wp-json\/wp\/v2\/media\/5851"}],"wp:attachment":[{"href":"https:\/\/www.acousticsolution.cz\/sk\/wp-json\/wp\/v2\/media?parent=7024"}],"wp:term":[{"taxonomy":"product_cat","embeddable":true,"href":"https:\/\/www.acousticsolution.cz\/sk\/wp-json\/wp\/v2\/product_cat?post=7024"},{"taxonomy":"product_tag","embeddable":true,"href":"https:\/\/www.acousticsolution.cz\/sk\/wp-json\/wp\/v2\/product_tag?post=7024"},{"taxonomy":"ucel","embeddable":true,"href":"https:\/\/www.acousticsolution.cz\/sk\/wp-json\/wp\/v2\/ucel?post=7024"},{"taxonomy":"material","embeddable":true,"href":"https:\/\/www.acousticsolution.cz\/sk\/wp-json\/wp\/v2\/material?post=7024"}],"curies":[{"name":"wp","href":"https:\/\/api.w.org\/{rel}","templated":true}]}}