{"id":7053,"date":"2023-04-02T14:16:47","date_gmt":"2023-04-02T12:16:47","guid":{"rendered":"https:\/\/www.acousticsolution.cz\/krocajova-izolacia-pavisol\/"},"modified":"2025-02-11T17:25:38","modified_gmt":"2025-02-11T16:25:38","slug":"krocajova-izolacia-pavisol","status":"publish","type":"product","link":"https:\/\/www.acousticsolution.cz\/sk\/krocajova-izolacia-pavisol\/","title":{"rendered":"Kro\u010dajov\u00e1 izol\u00e1cia Pavisol"},"content":{"rendered":"<p>Kro\u010dajov\u00e1 izol\u00e1cia podl\u00e1h.<\/p>\n<p>Antivibra\u010dn\u00e1 podlahov\u00e1 podlo\u017eka z&nbsp;recyklovan\u00fdch gumov\u00fdch gran\u00fal.<\/p>\n<p>Ide\u00e1lne pre akustick\u00fa izol\u00e1ciu vodorovn\u00fdch prie\u010dok. Je kompatibiln\u00e1 so v\u0161etk\u00fdmi typmi podlahov\u00fdch poterov. Mo\u017eno ju pou\u017ei\u0165 pod pl\u00e1vaj\u00facimi podlahami aj na prefabrikovan\u00fdch bet\u00f3nov\u00fdch dosk\u00e1ch.<\/p>\n<p>Rozmery (mm)<br \/>\nPavisol 3 mm: 3\/1000\/15&nbsp;000<br \/>\nPavisol 5 mm: 5\/1000\/10&nbsp;000<br \/>\nPavisol 10 mm: 10\/1000\/7&nbsp;000<\/p>\n","protected":false},"excerpt":{"rendered":"<p>Kro\u010dajov\u00e1 izol\u00e1cia podl\u00e1h. Antivibra\u010dn\u00e1 podlahov\u00e1 podlo\u017eka z&nbsp;recyklovan\u00fdch gumov\u00fdch gran\u00fal. Ide\u00e1lne pre akustick\u00fa izol\u00e1ciu vodorovn\u00fdch prie\u010dok. Je kompatibiln\u00e1 so v\u0161etk\u00fdmi typmi podlahov\u00fdch poterov. Mo\u017eno ju pou\u017ei\u0165 pod pl\u00e1vaj\u00facimi podlahami aj na prefabrikovan\u00fdch bet\u00f3nov\u00fdch dosk\u00e1ch. Rozmery (mm) Pavisol 3 mm: 3\/1000\/15&nbsp;000 Pavisol 5 mm: 5\/1000\/10&nbsp;000 Pavisol 10 mm: 10\/1000\/7&nbsp;000<\/p>\n","protected":false},"featured_media":5833,"template":"","meta":{"inline_featured_image":false},"product_cat":[218,219,216,217],"product_tag":[],"ucel":[159],"material":[153],"class_list":{"0":"post-7053","1":"product","2":"type-product","3":"status-publish","4":"has-post-thumbnail","6":"product_cat-zvukova-izolacia","7":"product_cat-krocajova-izolacia","8":"product_cat-akustika-v-stavebnictve","9":"product_cat-podlahy-krocajova-izolacia","10":"ucel-podlaha","11":"material-guma","13":"first","14":"instock","15":"shipping-taxable","16":"purchasable","17":"product-type-simple"},"_links":{"self":[{"href":"https:\/\/www.acousticsolution.cz\/sk\/wp-json\/wp\/v2\/product\/7053","targetHints":{"allow":["GET"]}}],"collection":[{"href":"https:\/\/www.acousticsolution.cz\/sk\/wp-json\/wp\/v2\/product"}],"about":[{"href":"https:\/\/www.acousticsolution.cz\/sk\/wp-json\/wp\/v2\/types\/product"}],"wp:featuredmedia":[{"embeddable":true,"href":"https:\/\/www.acousticsolution.cz\/sk\/wp-json\/wp\/v2\/media\/5833"}],"wp:attachment":[{"href":"https:\/\/www.acousticsolution.cz\/sk\/wp-json\/wp\/v2\/media?parent=7053"}],"wp:term":[{"taxonomy":"product_cat","embeddable":true,"href":"https:\/\/www.acousticsolution.cz\/sk\/wp-json\/wp\/v2\/product_cat?post=7053"},{"taxonomy":"product_tag","embeddable":true,"href":"https:\/\/www.acousticsolution.cz\/sk\/wp-json\/wp\/v2\/product_tag?post=7053"},{"taxonomy":"ucel","embeddable":true,"href":"https:\/\/www.acousticsolution.cz\/sk\/wp-json\/wp\/v2\/ucel?post=7053"},{"taxonomy":"material","embeddable":true,"href":"https:\/\/www.acousticsolution.cz\/sk\/wp-json\/wp\/v2\/material?post=7053"}],"curies":[{"name":"wp","href":"https:\/\/api.w.org\/{rel}","templated":true}]}}