{"id":7056,"date":"2023-04-02T14:26:06","date_gmt":"2023-04-02T12:26:06","guid":{"rendered":"https:\/\/www.acousticsolution.cz\/krocajova-izolacia-mappysilent\/"},"modified":"2025-02-11T17:28:36","modified_gmt":"2025-02-11T16:28:36","slug":"krocajova-izolacia-mappysilent","status":"publish","type":"product","link":"https:\/\/www.acousticsolution.cz\/sk\/krocajova-izolacia-mappysilent\/","title":{"rendered":"Kro\u010dajov\u00e1 izol\u00e1cia Mappysilent"},"content":{"rendered":"<p>Akustick\u00e1 bari\u00e9ra pre siln\u00fa izol\u00e1ciu. Pou\u017e\u00edva sa na <strong>zn\u00ed\u017eenie vibr\u00e1ci\u00ed<\/strong> v&nbsp;kovov\u00fdch, plechov\u00fdch, sklenen\u00fdch, \u017eivicov\u00fdch, plastov\u00fdch a&nbsp;lamin\u00e1tov\u00fdch kon\u0161trukci\u00e1ch. Mappysilent je vhodn\u00fd v&nbsp;pr\u00edpadoch, kde je vy\u017eadovan\u00fd materi\u00e1l so skvel\u00fdmi hodnotami zvukovej impedancie, nielen medzi pri\u013eahl\u00fdmi miestnos\u0165ami. Pre zlep\u0161enie akustick\u00fdch vlastnost\u00ed ho mo\u017eno \u013eahko vlo\u017ei\u0165 medzi sdk a&nbsp;osb dosky, drevotriesku, magn\u00e9ziov\u00e9, ale aj cemento-vl\u00e1knit\u00e9 dosky. Pou\u017e\u00edva sa na sten\u00e1ch, stropoch aj v&nbsp;podlah\u00e1ch. Je vhodn\u00fd aj na akustick\u00fa izol\u00e1ciu dla\u017eby od zvy\u0161ku budovy. Pou\u017e\u00edva sa ako pri nov\u00fdch stavb\u00e1ch, tak na rekon\u0161trukcie. Mal\u00e1 hr\u00fabka rob\u00ed z&nbsp;Mappysilent ide\u00e1lny produkt pre zvukov\u00fa izol\u00e1ciu vodovodn\u00fdch a&nbsp;odpadov\u00fdch trubiek, kanaliza\u010dn\u00fdch rozvodov a&nbsp;potrub\u00ed v\u0161eobecne. Najm\u00e4 v\u0161ade tam, kde je nedostatok priestoru.<\/p>\n<p>Mappysilent je mo\u017en\u00e9 zak\u00fapi\u0165 aj v&nbsp;samolepiacej verzii.<\/p>\n<p>Rozmery (mm): 1000\/1200\/2<\/p>\n","protected":false},"excerpt":{"rendered":"<p>Akustick\u00e1 bari\u00e9ra pre siln\u00fa izol\u00e1ciu. Pou\u017e\u00edva sa na zn\u00ed\u017eenie vibr\u00e1ci\u00ed v&nbsp;kovov\u00fdch, plechov\u00fdch, sklenen\u00fdch, \u017eivicov\u00fdch, plastov\u00fdch a&nbsp;lamin\u00e1tov\u00fdch kon\u0161trukci\u00e1ch. Mappysilent je vhodn\u00fd v&nbsp;pr\u00edpadoch, kde je vy\u017eadovan\u00fd materi\u00e1l so skvel\u00fdmi hodnotami zvukovej impedancie, nielen medzi pri\u013eahl\u00fdmi miestnos\u0165ami. Pre zlep\u0161enie akustick\u00fdch vlastnost\u00ed ho mo\u017eno \u013eahko vlo\u017ei\u0165 medzi sdk a&nbsp;osb dosky, drevotriesku, magn\u00e9ziov\u00e9, ale aj cemento-vl\u00e1knit\u00e9 dosky. Pou\u017e\u00edva sa na [&hellip;]<\/p>\n","protected":false},"featured_media":5832,"template":"","meta":{"inline_featured_image":false},"product_cat":[218,219,221,222,216,220,217],"product_tag":[],"ucel":[159,162,158,161],"material":[153],"class_list":{"0":"post-7056","1":"product","2":"type-product","3":"status-publish","4":"has-post-thumbnail","6":"product_cat-zvukova-izolacia","7":"product_cat-krocajova-izolacia","8":"product_cat-odhlucnenie-stien","9":"product_cat-odhlucnenie-stropu","10":"product_cat-akustika-v-stavebnictve","11":"product_cat-priecky-stropy-stavebnictvo","12":"product_cat-podlahy-krocajova-izolacia","13":"ucel-podlaha","14":"ucel-potrubi-ruzneho-typu","15":"ucel-stena","16":"ucel-strop","17":"material-guma","19":"first","20":"instock","21":"shipping-taxable","22":"purchasable","23":"product-type-simple"},"_links":{"self":[{"href":"https:\/\/www.acousticsolution.cz\/sk\/wp-json\/wp\/v2\/product\/7056","targetHints":{"allow":["GET"]}}],"collection":[{"href":"https:\/\/www.acousticsolution.cz\/sk\/wp-json\/wp\/v2\/product"}],"about":[{"href":"https:\/\/www.acousticsolution.cz\/sk\/wp-json\/wp\/v2\/types\/product"}],"wp:featuredmedia":[{"embeddable":true,"href":"https:\/\/www.acousticsolution.cz\/sk\/wp-json\/wp\/v2\/media\/5832"}],"wp:attachment":[{"href":"https:\/\/www.acousticsolution.cz\/sk\/wp-json\/wp\/v2\/media?parent=7056"}],"wp:term":[{"taxonomy":"product_cat","embeddable":true,"href":"https:\/\/www.acousticsolution.cz\/sk\/wp-json\/wp\/v2\/product_cat?post=7056"},{"taxonomy":"product_tag","embeddable":true,"href":"https:\/\/www.acousticsolution.cz\/sk\/wp-json\/wp\/v2\/product_tag?post=7056"},{"taxonomy":"ucel","embeddable":true,"href":"https:\/\/www.acousticsolution.cz\/sk\/wp-json\/wp\/v2\/ucel?post=7056"},{"taxonomy":"material","embeddable":true,"href":"https:\/\/www.acousticsolution.cz\/sk\/wp-json\/wp\/v2\/material?post=7056"}],"curies":[{"name":"wp","href":"https:\/\/api.w.org\/{rel}","templated":true}]}}