{"id":7057,"date":"2023-04-03T06:15:59","date_gmt":"2023-04-03T04:15:59","guid":{"rendered":"https:\/\/www.acousticsolution.cz\/akusticka-pena-mappysil-cr-bugnato\/"},"modified":"2025-02-11T18:11:42","modified_gmt":"2025-02-11T17:11:42","slug":"akusticka-pena-mappysil-cr-bugnato","status":"publish","type":"product","link":"https:\/\/www.acousticsolution.cz\/sk\/akusticka-pena-mappysil-cr-bugnato\/","title":{"rendered":"Akustick\u00e1 pena Mappysil CR Bugnato"},"content":{"rendered":"<p>Akustick\u00fd izola\u010dn\u00fd a&nbsp;absorp\u010dn\u00fd materi\u00e1l.<\/p>\n<p>Z dvoch vrstiev samozh\u00e1\u0161avej a&nbsp;nepriepustnej expandovanej polyuret\u00e1novej peny, medzi ktor\u00fdmi je vlo\u017een\u00e1 elastomerick\u00e1 membr\u00e1na s&nbsp;vysokou hustotou (Mappysilent). V\u010faka absorp\u010dn\u00fdm schopnostiam expandovan\u00e9ho polyuret\u00e1nu a&nbsp;zvukovo izola\u010dn\u00fdm schopnostiam elastom\u00e9rickej membr\u00e1ny p\u00f4sob\u00ed <strong>Mappysil CR Bugnato<\/strong> v&nbsp;\u0161irokom frekven\u010dnom spektre.<\/p>\n<p>Rozmery (mm): 1000\/1000\/50<\/p>\n","protected":false},"excerpt":{"rendered":"<p>Akustick\u00fd izola\u010dn\u00fd a&nbsp;absorp\u010dn\u00fd materi\u00e1l. Z&nbsp;dvoch vrstiev samozh\u00e1\u0161avej a&nbsp;nepriepustnej expandovanej polyuret\u00e1novej peny, medzi ktor\u00fdmi je vlo\u017een\u00e1 elastomerick\u00e1 membr\u00e1na s&nbsp;vysokou hustotou (Mappysilent). V\u010faka absorp\u010dn\u00fdm schopnostiam expandovan\u00e9ho polyuret\u00e1nu a&nbsp;zvukovo izola\u010dn\u00fdm schopnostiam elastom\u00e9rickej membr\u00e1ny p\u00f4sob\u00ed Mappysil CR Bugnato v&nbsp;\u0161irokom frekven\u010dnom spektre. Rozmery (mm): 1000\/1000\/50<\/p>\n","protected":false},"featured_media":5854,"template":"","meta":{"inline_featured_image":false},"product_cat":[181,216,223],"product_tag":[],"ucel":[158,161],"material":[154],"class_list":{"0":"post-7057","1":"product","2":"type-product","3":"status-publish","4":"has-post-thumbnail","6":"product_cat-akusticka-pena-sk","7":"product_cat-akustika-v-stavebnictve","8":"product_cat-priecky-stropy-hobby","9":"ucel-stena","10":"ucel-strop","11":"material-polyuretan","13":"first","14":"instock","15":"shipping-taxable","16":"purchasable","17":"product-type-simple"},"_links":{"self":[{"href":"https:\/\/www.acousticsolution.cz\/sk\/wp-json\/wp\/v2\/product\/7057","targetHints":{"allow":["GET"]}}],"collection":[{"href":"https:\/\/www.acousticsolution.cz\/sk\/wp-json\/wp\/v2\/product"}],"about":[{"href":"https:\/\/www.acousticsolution.cz\/sk\/wp-json\/wp\/v2\/types\/product"}],"wp:featuredmedia":[{"embeddable":true,"href":"https:\/\/www.acousticsolution.cz\/sk\/wp-json\/wp\/v2\/media\/5854"}],"wp:attachment":[{"href":"https:\/\/www.acousticsolution.cz\/sk\/wp-json\/wp\/v2\/media?parent=7057"}],"wp:term":[{"taxonomy":"product_cat","embeddable":true,"href":"https:\/\/www.acousticsolution.cz\/sk\/wp-json\/wp\/v2\/product_cat?post=7057"},{"taxonomy":"product_tag","embeddable":true,"href":"https:\/\/www.acousticsolution.cz\/sk\/wp-json\/wp\/v2\/product_tag?post=7057"},{"taxonomy":"ucel","embeddable":true,"href":"https:\/\/www.acousticsolution.cz\/sk\/wp-json\/wp\/v2\/ucel?post=7057"},{"taxonomy":"material","embeddable":true,"href":"https:\/\/www.acousticsolution.cz\/sk\/wp-json\/wp\/v2\/material?post=7057"}],"curies":[{"name":"wp","href":"https:\/\/api.w.org\/{rel}","templated":true}]}}