{"id":7058,"date":"2023-04-03T06:18:51","date_gmt":"2023-04-03T04:18:51","guid":{"rendered":"https:\/\/www.acousticsolution.cz\/zvukova-izolacia-mappysil-cr-400\/"},"modified":"2025-02-11T17:27:00","modified_gmt":"2025-02-11T16:27:00","slug":"zvukova-izolacia-mappysil-cr-400","status":"publish","type":"product","link":"https:\/\/www.acousticsolution.cz\/sk\/zvukova-izolacia-mappysil-cr-400\/","title":{"rendered":"Zvukov\u00e1 izol\u00e1cia Mappysil CR 400"},"content":{"rendered":"<p>Mappysil CR 400 je akustick\u00fd izola\u010dn\u00fd materi\u00e1l ur\u010den\u00fd na tepeln\u00fa a&nbsp;akustick\u00fa izol\u00e1ciu. Je vhodn\u00fd najm\u00e4 na akustick\u00fa izol\u00e1ciu stien, prie\u010dok a&nbsp;stropov v&nbsp;dom\u00e1cnostiach a&nbsp;kancel\u00e1ri\u00e1ch, ale aj na protihlukov\u00fa izol\u00e1ciu v\u00fdrobn\u00fdch h\u00e1l a&nbsp;buniek na stavb\u00e1ch. Mappysil CR 400 je tvoren\u00fd dvoma vrstvami termoizola\u010dn\u00e9ho polyesterov\u00e9ho vl\u00e1kna, medzi ktor\u00fdmi je vlo\u017een\u00e1 elastomerick\u00e1 membr\u00e1na s&nbsp;vysokou hustotou.<\/p>\n<p>Na prianie je mo\u017en\u00e9 doda\u0165 so samolepiacou vrstvou (akrylov\u00e9 lepidlo na vodnej b\u00e1ze).<\/p>\n<p>Panely Mappysil CR 400 m\u00f4\u017eu by\u0165 jednoducho nain\u0161talovan\u00e9 napr. ich vlo\u017een\u00edm medzi stenu a&nbsp;sdk dosky, alebo medzi 2 vrstvy sadrokart\u00f3nu.<\/p>\n<p>V\u00fdhody:<br \/>\n\u2013 v\u00e4\u010d\u0161ie utlmenie hluku proti be\u017enej \u010dadi\u010dovej vate (56 dB)<br \/>\n\u2013 komfortn\u00e1 in\u0161tal\u00e1cia (nie je potrebn\u00e9 chr\u00e1ni\u0165 poko\u017eku, zrak ani sa chr\u00e1ni\u0165 r\u00fa\u0161kom proti vd\u00fdchnutiu)<br \/>\n\u2013 ekologick\u00fd produkt (polyesterov\u00e9 vl\u00e1kno je vyr\u00e1ban\u00e9 v\u00fdhradne z&nbsp;recyklovan\u00fdch materi\u00e1lov)<\/p>\n<p>Rozmery (mm): 600\/ 1000 \/ 30<\/p>\n","protected":false},"excerpt":{"rendered":"<p>Mappysil CR 400 je akustick\u00fd izola\u010dn\u00fd materi\u00e1l ur\u010den\u00fd na tepeln\u00fa a&nbsp;akustick\u00fa izol\u00e1ciu. Je vhodn\u00fd najm\u00e4 na akustick\u00fa izol\u00e1ciu stien, prie\u010dok a&nbsp;stropov v&nbsp;dom\u00e1cnostiach a&nbsp;kancel\u00e1ri\u00e1ch, ale aj na protihlukov\u00fa izol\u00e1ciu v\u00fdrobn\u00fdch h\u00e1l a&nbsp;buniek na stavb\u00e1ch. Mappysil CR 400 je tvoren\u00fd dvoma vrstvami termoizola\u010dn\u00e9ho polyesterov\u00e9ho vl\u00e1kna, medzi ktor\u00fdmi je vlo\u017een\u00e1 elastomerick\u00e1 membr\u00e1na s&nbsp;vysokou hustotou. Na prianie je mo\u017en\u00e9 [&hellip;]<\/p>\n","protected":false},"featured_media":5829,"template":"","meta":{"inline_featured_image":false},"product_cat":[218,221,222,216,220],"product_tag":[215],"ucel":[163,158,161],"material":[153,152],"class_list":{"0":"post-7058","1":"product","2":"type-product","3":"status-publish","4":"has-post-thumbnail","6":"product_cat-zvukova-izolacia","7":"product_cat-odhlucnenie-stien","8":"product_cat-odhlucnenie-stropu","9":"product_cat-akustika-v-stavebnictve","10":"product_cat-priecky-stropy-stavebnictvo","11":"product_tag-top-sk","12":"ucel-pricka","13":"ucel-stena","14":"ucel-strop","15":"material-guma","16":"material-polyester","18":"first","19":"instock","20":"shipping-taxable","21":"purchasable","22":"product-type-simple"},"_links":{"self":[{"href":"https:\/\/www.acousticsolution.cz\/sk\/wp-json\/wp\/v2\/product\/7058","targetHints":{"allow":["GET"]}}],"collection":[{"href":"https:\/\/www.acousticsolution.cz\/sk\/wp-json\/wp\/v2\/product"}],"about":[{"href":"https:\/\/www.acousticsolution.cz\/sk\/wp-json\/wp\/v2\/types\/product"}],"wp:featuredmedia":[{"embeddable":true,"href":"https:\/\/www.acousticsolution.cz\/sk\/wp-json\/wp\/v2\/media\/5829"}],"wp:attachment":[{"href":"https:\/\/www.acousticsolution.cz\/sk\/wp-json\/wp\/v2\/media?parent=7058"}],"wp:term":[{"taxonomy":"product_cat","embeddable":true,"href":"https:\/\/www.acousticsolution.cz\/sk\/wp-json\/wp\/v2\/product_cat?post=7058"},{"taxonomy":"product_tag","embeddable":true,"href":"https:\/\/www.acousticsolution.cz\/sk\/wp-json\/wp\/v2\/product_tag?post=7058"},{"taxonomy":"ucel","embeddable":true,"href":"https:\/\/www.acousticsolution.cz\/sk\/wp-json\/wp\/v2\/ucel?post=7058"},{"taxonomy":"material","embeddable":true,"href":"https:\/\/www.acousticsolution.cz\/sk\/wp-json\/wp\/v2\/material?post=7058"}],"curies":[{"name":"wp","href":"https:\/\/api.w.org\/{rel}","templated":true}]}}