{"id":7059,"date":"2023-04-03T06:21:30","date_gmt":"2023-04-03T04:21:30","guid":{"rendered":"https:\/\/www.acousticsolution.cz\/zvukova-izolacia-silsonic\/"},"modified":"2025-02-11T18:01:09","modified_gmt":"2025-02-11T17:01:09","slug":"zvukova-izolacia-silsonic","status":"publish","type":"product","link":"https:\/\/www.acousticsolution.cz\/sk\/zvukova-izolacia-silsonic\/","title":{"rendered":"Zvukov\u00e1 izol\u00e1cia Silsonic"},"content":{"rendered":"<p>CE certifikovan\u00fd termoizola\u010dn\u00fd a&nbsp;akusticky absorp\u010dn\u00fd materi\u00e1l. Panely s\u00fa vyroben\u00e9 z&nbsp;tepelne spracovan\u00fdch recyklovan\u00fdch polyesterov\u00fdch vl\u00e1kien. Pou\u017e\u00edvaj\u00fa sa na tepeln\u00fa a&nbsp;zvukov\u00fa izol\u00e1ciu muriva, sadrokart\u00f3nov\u00fdch kon\u0161trukci\u00ed, stropov a&nbsp;na podstre\u0161n\u00e9 izol\u00e1cie.<\/p>\n","protected":false},"excerpt":{"rendered":"<p>CE certifikovan\u00fd termoizola\u010dn\u00fd a&nbsp;akusticky absorp\u010dn\u00fd materi\u00e1l. Panely s\u00fa vyroben\u00e9 z&nbsp;tepelne spracovan\u00fdch recyklovan\u00fdch polyesterov\u00fdch vl\u00e1kien. Pou\u017e\u00edvaj\u00fa sa na tepeln\u00fa a&nbsp;zvukov\u00fa izol\u00e1ciu muriva, sadrokart\u00f3nov\u00fdch kon\u0161trukci\u00ed, stropov a&nbsp;na podstre\u0161n\u00e9 izol\u00e1cie.<\/p>\n","protected":false},"featured_media":5830,"template":"","meta":{"inline_featured_image":false},"product_cat":[224,218,221,225,222,216,220],"product_tag":[],"ucel":[163,158,160,161],"material":[152],"class_list":{"0":"post-7059","1":"product","2":"type-product","3":"status-publish","4":"has-post-thumbnail","6":"product_cat-akusticka-vata-sk","7":"product_cat-zvukova-izolacia","8":"product_cat-odhlucnenie-stien","9":"product_cat-odhlucnenie-strechy","10":"product_cat-odhlucnenie-stropu","11":"product_cat-akustika-v-stavebnictve","12":"product_cat-priecky-stropy-stavebnictvo","13":"ucel-pricka","14":"ucel-stena","15":"ucel-strecha","16":"ucel-strop","17":"material-polyester","19":"first","20":"instock","21":"shipping-taxable","22":"purchasable","23":"product-type-simple"},"_links":{"self":[{"href":"https:\/\/www.acousticsolution.cz\/sk\/wp-json\/wp\/v2\/product\/7059","targetHints":{"allow":["GET"]}}],"collection":[{"href":"https:\/\/www.acousticsolution.cz\/sk\/wp-json\/wp\/v2\/product"}],"about":[{"href":"https:\/\/www.acousticsolution.cz\/sk\/wp-json\/wp\/v2\/types\/product"}],"wp:featuredmedia":[{"embeddable":true,"href":"https:\/\/www.acousticsolution.cz\/sk\/wp-json\/wp\/v2\/media\/5830"}],"wp:attachment":[{"href":"https:\/\/www.acousticsolution.cz\/sk\/wp-json\/wp\/v2\/media?parent=7059"}],"wp:term":[{"taxonomy":"product_cat","embeddable":true,"href":"https:\/\/www.acousticsolution.cz\/sk\/wp-json\/wp\/v2\/product_cat?post=7059"},{"taxonomy":"product_tag","embeddable":true,"href":"https:\/\/www.acousticsolution.cz\/sk\/wp-json\/wp\/v2\/product_tag?post=7059"},{"taxonomy":"ucel","embeddable":true,"href":"https:\/\/www.acousticsolution.cz\/sk\/wp-json\/wp\/v2\/ucel?post=7059"},{"taxonomy":"material","embeddable":true,"href":"https:\/\/www.acousticsolution.cz\/sk\/wp-json\/wp\/v2\/material?post=7059"}],"curies":[{"name":"wp","href":"https:\/\/api.w.org\/{rel}","templated":true}]}}