{"id":7060,"date":"2023-04-03T07:07:09","date_gmt":"2023-04-03T05:07:09","guid":{"rendered":"https:\/\/www.acousticsolution.cz\/akusticka-paska-mappytape-txt\/"},"modified":"2023-04-03T07:07:09","modified_gmt":"2023-04-03T05:07:09","slug":"akusticka-paska-mappytape-txt","status":"publish","type":"product","link":"https:\/\/www.acousticsolution.cz\/sk\/akusticka-paska-mappytape-txt\/","title":{"rendered":"Akustick\u00e1 p\u00e1ska Mappytape TXT"},"content":{"rendered":"<p>Textiln\u00e1 tesniaca p\u00e1ska so samolepiacou vrstvou. Zamedzuje vzniku akustick\u00fdch mostov pri sp\u00e1jan\u00ed a&nbsp;utes\u0148ovan\u00ed panelov zni\u017euj\u00facich hlu\u010dnos\u0165:<\/p>\n<p><strong>Polistik M Underspecial HQ<\/strong><\/p>\n<p><strong>Pavisol<\/strong><\/p>\n<p><strong>Mappysilent PLT 10<\/strong><\/p>\n<p><strong>Floorflex<\/strong><\/p>\n<p>Farba sa m\u00f4\u017ee l\u00ed\u0161i\u0165 v&nbsp;z\u00e1vislosti od dostupnosti tkaniny. Rozmery: 7 cm x 25&nbsp;m<\/p>\n","protected":false},"excerpt":{"rendered":"<p>Textiln\u00e1 tesniaca p\u00e1ska so samolepiacou vrstvou. Zamedzuje vzniku akustick\u00fdch mostov pri sp\u00e1jan\u00ed a&nbsp;utes\u0148ovan\u00ed panelov zni\u017euj\u00facich hlu\u010dnos\u0165: Polistik M Underspecial HQ Pavisol Mappysilent PLT 10 Floorflex Farba sa m\u00f4\u017ee l\u00ed\u0161i\u0165 v&nbsp;z\u00e1vislosti od dostupnosti tkaniny. Rozmery: 7 cm x 25&nbsp;m<\/p>\n","protected":false},"featured_media":5831,"template":"","meta":{"inline_featured_image":false},"product_cat":[227,216,226],"product_tag":[],"ucel":[],"material":[155],"class_list":{"0":"post-7060","1":"product","2":"type-product","3":"status-publish","4":"has-post-thumbnail","6":"product_cat-akusticke-pasky-sk","7":"product_cat-akustika-v-stavebnictve","8":"product_cat-doplnky-sk","9":"material-textil","11":"first","12":"instock","13":"shipping-taxable","14":"purchasable","15":"product-type-simple"},"_links":{"self":[{"href":"https:\/\/www.acousticsolution.cz\/sk\/wp-json\/wp\/v2\/product\/7060","targetHints":{"allow":["GET"]}}],"collection":[{"href":"https:\/\/www.acousticsolution.cz\/sk\/wp-json\/wp\/v2\/product"}],"about":[{"href":"https:\/\/www.acousticsolution.cz\/sk\/wp-json\/wp\/v2\/types\/product"}],"wp:featuredmedia":[{"embeddable":true,"href":"https:\/\/www.acousticsolution.cz\/sk\/wp-json\/wp\/v2\/media\/5831"}],"wp:attachment":[{"href":"https:\/\/www.acousticsolution.cz\/sk\/wp-json\/wp\/v2\/media?parent=7060"}],"wp:term":[{"taxonomy":"product_cat","embeddable":true,"href":"https:\/\/www.acousticsolution.cz\/sk\/wp-json\/wp\/v2\/product_cat?post=7060"},{"taxonomy":"product_tag","embeddable":true,"href":"https:\/\/www.acousticsolution.cz\/sk\/wp-json\/wp\/v2\/product_tag?post=7060"},{"taxonomy":"ucel","embeddable":true,"href":"https:\/\/www.acousticsolution.cz\/sk\/wp-json\/wp\/v2\/ucel?post=7060"},{"taxonomy":"material","embeddable":true,"href":"https:\/\/www.acousticsolution.cz\/sk\/wp-json\/wp\/v2\/material?post=7060"}],"curies":[{"name":"wp","href":"https:\/\/api.w.org\/{rel}","templated":true}]}}