{"id":7062,"date":"2023-04-03T08:01:50","date_gmt":"2023-04-03T06:01:50","guid":{"rendered":"https:\/\/www.acousticsolution.cz\/akusticka-pena-mappysil-piramidale-au\/"},"modified":"2023-04-03T08:01:50","modified_gmt":"2023-04-03T06:01:50","slug":"akusticka-pena-mappysil-piramidale-au","status":"publish","type":"product","link":"https:\/\/www.acousticsolution.cz\/sk\/akusticka-pena-mappysil-piramidale-au\/","title":{"rendered":"Akustick\u00e1 pena Mappysil Piramidale AU"},"content":{"rendered":"<p>Akustick\u00e1 pena \/ molitan.<\/p>\n<p>Pru\u017en\u00fd, \u013eahk\u00fd, samozh\u00e1\u0161av\u00fd materi\u00e1l vyroben\u00fd z&nbsp;expandovan\u00e9ho polyuret\u00e1nu. M\u00e1 \u0161trukt\u00farovan\u00fd pyram\u00eddov\u00fd profil na dosiahnutie vysok\u00e9ho stup\u0148a akustickej absorpcie. Zabra\u0148uje odrazu zvukov\u00fdch v\u013an a&nbsp;zlep\u0161uje akustick\u00e9 vlastnosti v&nbsp;interi\u00e9ri.<\/p>\n<p>K dispoz\u00edcii tie\u017e so samolepiacou vrstvou tvorenou akrylov\u00fdm lepidlom na vodnej b\u00e1ze.<\/p>\n<p>Mappysil Piramidale AU je v\u010faka svojim akustick\u00fdm vlastnostiam aj dizajnu vhodn\u00fd pre verejn\u00e9 miesta ako s\u00fa \u0161koly, hotely, hudobn\u00e9 a&nbsp;nahr\u00e1vacie \u0161t\u00fadi\u00e1, kin\u00e1 a&nbsp;divadl\u00e1, re\u0161taur\u00e1cie, \u0161portovisk\u00e1, telocvi\u010dne a&nbsp;posil\u0148ovne, alebo obchody. V\u00fdborne sa uplatn\u00ed aj na zvukov\u00fa izol\u00e1ciu motorov\u00fdch sekci\u00ed, zvukotesn\u00fdch kab\u00edn, gener\u00e1torov,<br \/>\nventila\u010dn\u00fdch syst\u00e9mov a&nbsp;kompresorov. Vyroben\u00e9 v&nbsp;s\u00falade s&nbsp;normou MVSS302.<\/p>\n<p>&nbsp;<\/p>\n","protected":false},"excerpt":{"rendered":"<p>Akustick\u00e1 pena \/ molitan. Pru\u017en\u00fd, \u013eahk\u00fd, samozh\u00e1\u0161av\u00fd materi\u00e1l vyroben\u00fd z&nbsp;expandovan\u00e9ho polyuret\u00e1nu. M\u00e1 \u0161trukt\u00farovan\u00fd pyram\u00eddov\u00fd profil na dosiahnutie vysok\u00e9ho stup\u0148a akustickej absorpcie. Zabra\u0148uje odrazu zvukov\u00fdch v\u013an a&nbsp;zlep\u0161uje akustick\u00e9 vlastnosti v&nbsp;interi\u00e9ri. K&nbsp;dispoz\u00edcii tie\u017e so samolepiacou vrstvou tvorenou akrylov\u00fdm lepidlom na vodnej b\u00e1ze. Mappysil Piramidale AU je v\u010faka svojim akustick\u00fdm vlastnostiam aj dizajnu vhodn\u00fd pre verejn\u00e9 miesta [&hellip;]<\/p>\n","protected":false},"featured_media":5868,"template":"","meta":{"inline_featured_image":false},"product_cat":[181,211,212,192,210],"product_tag":[],"ucel":[158,161],"material":[154],"class_list":{"0":"post-7062","1":"product","2":"type-product","3":"status-publish","4":"has-post-thumbnail","6":"product_cat-akusticka-pena-sk","7":"product_cat-akustika-pre-skoly-a-obce","8":"product_cat-polyuretany-sk-2","9":"product_cat-akustika-v-interieri","10":"product_cat-polyuretany-sk","11":"ucel-stena","12":"ucel-strop","13":"material-polyuretan","15":"first","16":"instock","17":"shipping-taxable","18":"purchasable","19":"product-type-variable"},"_links":{"self":[{"href":"https:\/\/www.acousticsolution.cz\/sk\/wp-json\/wp\/v2\/product\/7062","targetHints":{"allow":["GET"]}}],"collection":[{"href":"https:\/\/www.acousticsolution.cz\/sk\/wp-json\/wp\/v2\/product"}],"about":[{"href":"https:\/\/www.acousticsolution.cz\/sk\/wp-json\/wp\/v2\/types\/product"}],"wp:featuredmedia":[{"embeddable":true,"href":"https:\/\/www.acousticsolution.cz\/sk\/wp-json\/wp\/v2\/media\/5868"}],"wp:attachment":[{"href":"https:\/\/www.acousticsolution.cz\/sk\/wp-json\/wp\/v2\/media?parent=7062"}],"wp:term":[{"taxonomy":"product_cat","embeddable":true,"href":"https:\/\/www.acousticsolution.cz\/sk\/wp-json\/wp\/v2\/product_cat?post=7062"},{"taxonomy":"product_tag","embeddable":true,"href":"https:\/\/www.acousticsolution.cz\/sk\/wp-json\/wp\/v2\/product_tag?post=7062"},{"taxonomy":"ucel","embeddable":true,"href":"https:\/\/www.acousticsolution.cz\/sk\/wp-json\/wp\/v2\/ucel?post=7062"},{"taxonomy":"material","embeddable":true,"href":"https:\/\/www.acousticsolution.cz\/sk\/wp-json\/wp\/v2\/material?post=7062"}],"curies":[{"name":"wp","href":"https:\/\/api.w.org\/{rel}","templated":true}]}}