{"id":7066,"date":"2023-04-03T08:17:40","date_gmt":"2023-04-03T06:17:40","guid":{"rendered":"https:\/\/www.acousticsolution.cz\/akusticka-pena-mappysil-piramidale-au-vo-farbe\/"},"modified":"2023-04-03T08:17:40","modified_gmt":"2023-04-03T06:17:40","slug":"akusticka-pena-mappysil-piramidale-au-vo-farbe","status":"publish","type":"product","link":"https:\/\/www.acousticsolution.cz\/sk\/akusticka-pena-mappysil-piramidale-au-vo-farbe\/","title":{"rendered":"Akustick\u00e1 pena Mappysil Piramidale AU vo farbe"},"content":{"rendered":"<p>Akustick\u00e1 pena \/ molitan Pru\u017en\u00fd, \u013eahk\u00fd a&nbsp;samozh\u00e1\u0161av\u00fd materi\u00e1l vyroben\u00fd z&nbsp;expandovan\u00e9ho polyuret\u00e1nu. M\u00e1 \u0161trukt\u00farovan\u00fd pyram\u00eddov\u00fd profil na dosiahnutie vysok\u00e9ho stup\u0148a akustickej absorpcie. Zabra\u0148uje odrazu zvukov\u00fdch v\u013an a&nbsp;zlep\u0161uje akustick\u00e9 vlastnosti interi\u00e9ru. V\u010faka svojim akustick\u00fdm vlastnostiam aj dizajnu je Mappysil Piramidale vhodn\u00fd pre verejn\u00e9 miesta ako s\u00fa \u0161koly, hotely, wellness centr\u00e1, hudobn\u00e9 a&nbsp;nahr\u00e1vacie \u0161t\u00fadi\u00e1, kin\u00e1, divadl\u00e1, re\u0161taur\u00e1cie, \u0161portovisk\u00e1, telocvi\u010dne, posil\u0148ovne, obchody&#8230; Vyroben\u00e9 v&nbsp;s\u00falade s&nbsp;normou MVSS302 Dostupn\u00e9 farby: \u017elt\u00e1, \u010derven\u00e1, modr\u00e1 Rozmery (mm): 500 \/ 500 \/ 50<\/p>\n","protected":false},"excerpt":{"rendered":"<p>Akustick\u00e1 pena \/ molitan Pru\u017en\u00fd, \u013eahk\u00fd a&nbsp;samozh\u00e1\u0161av\u00fd materi\u00e1l vyroben\u00fd z&nbsp;expandovan\u00e9ho polyuret\u00e1nu. M\u00e1 \u0161trukt\u00farovan\u00fd pyram\u00eddov\u00fd profil na dosiahnutie vysok\u00e9ho stup\u0148a akustickej absorpcie. Zabra\u0148uje odrazu zvukov\u00fdch v\u013an a&nbsp;zlep\u0161uje akustick\u00e9 vlastnosti interi\u00e9ru. V\u010faka svojim akustick\u00fdm vlastnostiam aj dizajnu je Mappysil Piramidale vhodn\u00fd pre verejn\u00e9 miesta ako s\u00fa \u0161koly, hotely, wellness centr\u00e1, hudobn\u00e9 a&nbsp;nahr\u00e1vacie \u0161t\u00fadi\u00e1, kin\u00e1, divadl\u00e1, re\u0161taur\u00e1cie, \u0161portovisk\u00e1, [&hellip;]<\/p>\n","protected":false},"featured_media":5865,"template":"","meta":{"inline_featured_image":false},"product_cat":[181,211,212,192,210],"product_tag":[],"ucel":[158,161],"material":[154],"class_list":{"0":"post-7066","1":"product","2":"type-product","3":"status-publish","4":"has-post-thumbnail","6":"product_cat-akusticka-pena-sk","7":"product_cat-akustika-pre-skoly-a-obce","8":"product_cat-polyuretany-sk-2","9":"product_cat-akustika-v-interieri","10":"product_cat-polyuretany-sk","11":"ucel-stena","12":"ucel-strop","13":"material-polyuretan","15":"first","16":"instock","17":"shipping-taxable","18":"purchasable","19":"product-type-variable","20":"has-default-attributes"},"_links":{"self":[{"href":"https:\/\/www.acousticsolution.cz\/sk\/wp-json\/wp\/v2\/product\/7066","targetHints":{"allow":["GET"]}}],"collection":[{"href":"https:\/\/www.acousticsolution.cz\/sk\/wp-json\/wp\/v2\/product"}],"about":[{"href":"https:\/\/www.acousticsolution.cz\/sk\/wp-json\/wp\/v2\/types\/product"}],"wp:featuredmedia":[{"embeddable":true,"href":"https:\/\/www.acousticsolution.cz\/sk\/wp-json\/wp\/v2\/media\/5865"}],"wp:attachment":[{"href":"https:\/\/www.acousticsolution.cz\/sk\/wp-json\/wp\/v2\/media?parent=7066"}],"wp:term":[{"taxonomy":"product_cat","embeddable":true,"href":"https:\/\/www.acousticsolution.cz\/sk\/wp-json\/wp\/v2\/product_cat?post=7066"},{"taxonomy":"product_tag","embeddable":true,"href":"https:\/\/www.acousticsolution.cz\/sk\/wp-json\/wp\/v2\/product_tag?post=7066"},{"taxonomy":"ucel","embeddable":true,"href":"https:\/\/www.acousticsolution.cz\/sk\/wp-json\/wp\/v2\/ucel?post=7066"},{"taxonomy":"material","embeddable":true,"href":"https:\/\/www.acousticsolution.cz\/sk\/wp-json\/wp\/v2\/material?post=7066"}],"curies":[{"name":"wp","href":"https:\/\/api.w.org\/{rel}","templated":true}]}}