{"id":7070,"date":"2023-04-03T09:07:31","date_gmt":"2023-04-03T07:07:31","guid":{"rendered":"https:\/\/www.acousticsolution.cz\/akusticky-panel-mappyfiber-bubble-r-s\/"},"modified":"2025-06-13T10:18:28","modified_gmt":"2025-06-13T08:18:28","slug":"akusticky-panel-mappyfiber-bubble-r-s","status":"publish","type":"product","link":"https:\/\/www.acousticsolution.cz\/sk\/akusticky-panel-mappyfiber-bubble-r-s\/","title":{"rendered":"Akustick\u00fd panel Mappyfiber Bubble R\/S"},"content":{"rendered":"<p>Akustick\u00e9 panely ur\u010den\u00e9 pre zvukov\u00fa a&nbsp;tepeln\u00fa izol\u00e1ciu.<\/p>\n<p>Panely s\u00fa zlo\u017een\u00e9 z&nbsp;nieko\u013ek\u00fdch zaoblen\u00fdch \u0161tvorcov a&nbsp;maj\u00fa zaoblen\u00e9 okraje po celom svojom obvode. Panely sa vyr\u00e1baj\u00fa z&nbsp;polyesterov\u00e9ho vl\u00e1kna <em><strong><a href=\"https:\/\/www.acousticsolution.cz\/wp-content\/uploads\/2023\/04\/mappyfiber_curved_bila.png\">bielej<\/a><\/strong><\/em> farby, <strong><em><a href=\"https:\/\/www.acousticsolution.cz\/wp-content\/uploads\/2023\/04\/mappyfiber_curved_cerna.png\">\u010diernej<\/a><\/em><\/strong> farby a&nbsp;farby <a href=\"https:\/\/www.acousticsolution.cz\/wp-content\/uploads\/2023\/04\/mappyfiber_curved_melange.png\"><em><strong>melange<\/strong><\/em><\/a>. \u010ealej je mo\u017en\u00e9 povrch panela potiahnu\u0165 nieko\u013ek\u00fdmi druhmi text\u00edlie v&nbsp;r\u00f4znych farebn\u00fdch variantoch. Panely zabra\u0148uj\u00fa vzniku ozveny, zvy\u0161uj\u00fa zrozumite\u013enos\u0165 re\u010di a&nbsp;zni\u017euj\u00fa hluk. S\u00fa paropriepustn\u00e9.<\/p>\n<p><strong>Mappyfiber Bubble R<\/strong> je samonosn\u00fd, tuh\u00fd ale \u013eahk\u00fd.<br \/>\n<strong>Mappyfiber Bubble S<\/strong> je samonosn\u00fd, \u013eahk\u00fd a&nbsp;do istej miery flexibiln\u00fd.<\/p>\n<p>Rozmery R (mm): 1196\/593\/33<br \/>\nRozmery S&nbsp;(mm): 1196\/593\/15<\/p>\n","protected":false},"excerpt":{"rendered":"<p>Akustick\u00e9 panely ur\u010den\u00e9 pre zvukov\u00fa a&nbsp;tepeln\u00fa izol\u00e1ciu. Panely s\u00fa zlo\u017een\u00e9 z&nbsp;nieko\u013ek\u00fdch zaoblen\u00fdch \u0161tvorcov a&nbsp;maj\u00fa zaoblen\u00e9 okraje po celom svojom obvode. Panely sa vyr\u00e1baj\u00fa z&nbsp;polyesterov\u00e9ho vl\u00e1kna bielej farby, \u010diernej farby a&nbsp;farby melange. \u010ealej je mo\u017en\u00e9 povrch panela potiahnu\u0165 nieko\u013ek\u00fdmi druhmi text\u00edlie v&nbsp;r\u00f4znych farebn\u00fdch variantoch. Panely zabra\u0148uj\u00fa vzniku ozveny, zvy\u0161uj\u00fa zrozumite\u013enos\u0165 re\u010di a&nbsp;zni\u017euj\u00fa hluk. S\u00fa paropriepustn\u00e9. Mappyfiber [&hellip;]<\/p>\n","protected":false},"featured_media":6820,"template":"","meta":{"inline_featured_image":false},"product_cat":[196,192,208],"product_tag":[],"ucel":[158],"material":[156,152],"class_list":{"0":"post-7070","1":"product","2":"type-product","3":"status-publish","4":"has-post-thumbnail","6":"product_cat-akusticke-panely-sk","7":"product_cat-akustika-v-interieri","8":"product_cat-mappyfiber-sk","9":"ucel-stena","10":"material-latka","11":"material-polyester","13":"first","14":"instock","15":"shipping-taxable","16":"purchasable","17":"product-type-variable"},"_links":{"self":[{"href":"https:\/\/www.acousticsolution.cz\/sk\/wp-json\/wp\/v2\/product\/7070","targetHints":{"allow":["GET"]}}],"collection":[{"href":"https:\/\/www.acousticsolution.cz\/sk\/wp-json\/wp\/v2\/product"}],"about":[{"href":"https:\/\/www.acousticsolution.cz\/sk\/wp-json\/wp\/v2\/types\/product"}],"wp:featuredmedia":[{"embeddable":true,"href":"https:\/\/www.acousticsolution.cz\/sk\/wp-json\/wp\/v2\/media\/6820"}],"wp:attachment":[{"href":"https:\/\/www.acousticsolution.cz\/sk\/wp-json\/wp\/v2\/media?parent=7070"}],"wp:term":[{"taxonomy":"product_cat","embeddable":true,"href":"https:\/\/www.acousticsolution.cz\/sk\/wp-json\/wp\/v2\/product_cat?post=7070"},{"taxonomy":"product_tag","embeddable":true,"href":"https:\/\/www.acousticsolution.cz\/sk\/wp-json\/wp\/v2\/product_tag?post=7070"},{"taxonomy":"ucel","embeddable":true,"href":"https:\/\/www.acousticsolution.cz\/sk\/wp-json\/wp\/v2\/ucel?post=7070"},{"taxonomy":"material","embeddable":true,"href":"https:\/\/www.acousticsolution.cz\/sk\/wp-json\/wp\/v2\/material?post=7070"}],"curies":[{"name":"wp","href":"https:\/\/api.w.org\/{rel}","templated":true}]}}