{"id":7085,"date":"2023-03-31T11:04:12","date_gmt":"2023-03-31T09:04:12","guid":{"rendered":"https:\/\/www.acousticsolution.cz\/zvukova-izolacia-mappysil-cr-404\/"},"modified":"2025-02-03T19:05:37","modified_gmt":"2025-02-03T18:05:37","slug":"zvukova-izolacia-mappysil-cr-404","status":"publish","type":"product","link":"https:\/\/www.acousticsolution.cz\/sk\/zvukova-izolacia-mappysil-cr-404\/","title":{"rendered":"Zvukov\u00e1 izol\u00e1cia Mappysil CR 404"},"content":{"rendered":"<p>Zvukovo a&nbsp;tepelne izola\u010dn\u00fd sendvi\u010dov\u00fd panel.<\/p>\n<p>Zlo\u017een\u00fd z&nbsp;<span class=\"-wm-error-spellcheck\">elastomerick\u00e9ho<\/span>\u00a0materi\u00e1lu s&nbsp;vysokou hustotou (gumov\u00e1 membr\u00e1na), reflexnej hlin\u00edkovej f\u00f3lie a&nbsp;vrstvy polyesterov\u00e9ho vl\u00e1kna. Ide\u00e1lne pre hlukov\u00fa a&nbsp;tepeln\u00fa izol\u00e1ciu potrubia r\u00f4zneho typu (odtokov\u00e9 a&nbsp;kanaliza\u010dn\u00e9 r\u00fary, st\u00fapa\u010dky, vodovodn\u00e9 r\u00fary at\u010f.)<\/p>\n<p>V\u00fdhody:<br \/>\n&#8211; <strong>v\u00e4\u010d\u0161ie utlmenie hluku <\/strong>proti be\u017enej \u010dadi\u010dovej vate (32 db)<br \/>\n&#8211; <strong>komfortn\u00e1 in\u0161tal\u00e1cia<\/strong> (fix\u00e1cia viac\u00fa\u010delovou p\u00e1skou)<br \/>\n&#8211;<strong> ekologick\u00fd produkt<\/strong>\u00a0(polyesterov\u00e9 vl\u00e1kno je vyroben\u00e9 v\u00fdlu\u010dne z&nbsp;recyklovan\u00fdch materi\u00e1lov)<\/p>\n<p>Rozmery (mm): 1000 \/ 5&nbsp;000 \/ 15<br \/>\nRozmery (mm): 1000 \/ 10&nbsp;000 \/ 25<\/p>\n<p>&nbsp;<\/p>\n","protected":false},"excerpt":{"rendered":"<p>Zvukovo a&nbsp;tepelne izola\u010dn\u00fd sendvi\u010dov\u00fd panel. Zlo\u017een\u00fd z&nbsp;elastomerick\u00e9ho\u00a0materi\u00e1lu s&nbsp;vysokou hustotou (gumov\u00e1 membr\u00e1na), reflexnej hlin\u00edkovej f\u00f3lie a&nbsp;vrstvy polyesterov\u00e9ho vl\u00e1kna. Ide\u00e1lne pre hlukov\u00fa a&nbsp;tepeln\u00fa izol\u00e1ciu potrubia r\u00f4zneho typu (odtokov\u00e9 a&nbsp;kanaliza\u010dn\u00e9 r\u00fary, st\u00fapa\u010dky, vodovodn\u00e9 r\u00fary at\u010f.) V\u00fdhody: &#8211; v\u00e4\u010d\u0161ie utlmenie hluku proti be\u017enej \u010dadi\u010dovej vate (32 db) &#8211; komfortn\u00e1 in\u0161tal\u00e1cia (fix\u00e1cia viac\u00fa\u010delovou p\u00e1skou) &#8211; ekologick\u00fd produkt\u00a0(polyesterov\u00e9 vl\u00e1kno je vyroben\u00e9 [&hellip;]<\/p>\n","protected":false},"featured_media":6762,"template":"","meta":{"inline_featured_image":false},"product_cat":[218,233,216,232],"product_tag":[],"ucel":[162],"material":[152],"class_list":{"0":"post-7085","1":"product","2":"type-product","3":"status-publish","4":"has-post-thumbnail","6":"product_cat-zvukova-izolacia","7":"product_cat-zvukova-izolacia-potrubia","8":"product_cat-akustika-v-stavebnictve","9":"product_cat-potrubie","10":"ucel-potrubi-ruzneho-typu","11":"material-polyester","13":"first","14":"instock","15":"shipping-taxable","16":"purchasable","17":"product-type-simple"},"_links":{"self":[{"href":"https:\/\/www.acousticsolution.cz\/sk\/wp-json\/wp\/v2\/product\/7085","targetHints":{"allow":["GET"]}}],"collection":[{"href":"https:\/\/www.acousticsolution.cz\/sk\/wp-json\/wp\/v2\/product"}],"about":[{"href":"https:\/\/www.acousticsolution.cz\/sk\/wp-json\/wp\/v2\/types\/product"}],"wp:featuredmedia":[{"embeddable":true,"href":"https:\/\/www.acousticsolution.cz\/sk\/wp-json\/wp\/v2\/media\/6762"}],"wp:attachment":[{"href":"https:\/\/www.acousticsolution.cz\/sk\/wp-json\/wp\/v2\/media?parent=7085"}],"wp:term":[{"taxonomy":"product_cat","embeddable":true,"href":"https:\/\/www.acousticsolution.cz\/sk\/wp-json\/wp\/v2\/product_cat?post=7085"},{"taxonomy":"product_tag","embeddable":true,"href":"https:\/\/www.acousticsolution.cz\/sk\/wp-json\/wp\/v2\/product_tag?post=7085"},{"taxonomy":"ucel","embeddable":true,"href":"https:\/\/www.acousticsolution.cz\/sk\/wp-json\/wp\/v2\/ucel?post=7085"},{"taxonomy":"material","embeddable":true,"href":"https:\/\/www.acousticsolution.cz\/sk\/wp-json\/wp\/v2\/material?post=7085"}],"curies":[{"name":"wp","href":"https:\/\/api.w.org\/{rel}","templated":true}]}}