{"id":7088,"date":"2023-04-02T14:21:56","date_gmt":"2023-04-02T12:21:56","guid":{"rendered":"https:\/\/www.acousticsolution.cz\/krocajova-izolacia-polistik-m-under-special-hq\/"},"modified":"2025-02-03T19:19:44","modified_gmt":"2025-02-03T18:19:44","slug":"krocajova-izolacia-polistik-m-under-special-hq","status":"publish","type":"product","link":"https:\/\/www.acousticsolution.cz\/sk\/krocajova-izolacia-polistik-m-under-special-hq\/","title":{"rendered":"Kro\u010dajov\u00e1 izol\u00e1cia Polistik \/ M under special HQ"},"content":{"rendered":"<p>Materi\u00e1l je vhodn\u00fd ako kro\u010dajov\u00e1 izol\u00e1cia.<\/p>\n<p><strong>Polistik\/M Under Special HQ<\/strong> je vyroben\u00fd z&nbsp;vrstvy polyetyl\u00e9novej peny a&nbsp;polyesterov\u00e9ho vl\u00e1kna s&nbsp;vysokou hustotou pre lep\u0161ie term\u00e1lne a&nbsp;akustick\u00e9 vlastnosti. Polyetyl\u00e9nov\u00e1 vrstva je pokryt\u00e1 ochrannou netkanou f\u00f3liou, ktor\u00e1 zabra\u0148uje mechanick\u00e9mu po\u0161kodeniu celej skladby (pri pokl\u00e1dke smerujte nahor). Jednotliv\u00e9 pl\u00e1ty izol\u00e1cie s\u00fa opatren\u00e9 presahmi pre dokonal\u00e9 l\u00edcovanie dielov. Diely fixujte \u0161peci\u00e1lnou textilnou kobercovou p\u00e1skou.<\/p>\n<p><strong>Polistik\/M Under Special HQ<\/strong> je ide\u00e1lny na zvukov\u00fa a&nbsp;tepeln\u00fa izol\u00e1ciu interi\u00e9rov\u00fdch podl\u00e1h. In\u0161taluje sa pri v\u00fdstavbe novej podlahy pod vrchn\u00fa vrstvu bet\u00f3nov\u00e9ho poteru. Zvy\u0161uje akustick\u00fa aj tepeln\u00fa pohodu b\u00fdvania.<\/p>\n<p><strong>V\u00fdhody<\/strong>:<br \/>\n&#8211; v\u00e4\u010d\u0161ie utlmenie hluku proti be\u017ene pou\u017e\u00edvan\u00fdm materi\u00e1lom (34 dB)<br \/>\n&#8211; komfortn\u00e1 in\u0161tal\u00e1cia (fix\u00e1cia viac\u00fa\u010delovou p\u00e1skou)<br \/>\n&#8211; v\u00fdborn\u00fd pomer cena\/v\u00fdkon<\/p>\n<p>Rozmery (mm): 6 \/ 1500 \/ 50&nbsp;000<\/p>\n","protected":false},"excerpt":{"rendered":"<p>Materi\u00e1l je vhodn\u00fd ako kro\u010dajov\u00e1 izol\u00e1cia. Polistik\/M Under Special HQ je vyroben\u00fd z&nbsp;vrstvy polyetyl\u00e9novej peny a&nbsp;polyesterov\u00e9ho vl\u00e1kna s&nbsp;vysokou hustotou pre lep\u0161ie term\u00e1lne a&nbsp;akustick\u00e9 vlastnosti. Polyetyl\u00e9nov\u00e1 vrstva je pokryt\u00e1 ochrannou netkanou f\u00f3liou, ktor\u00e1 zabra\u0148uje mechanick\u00e9mu po\u0161kodeniu celej skladby (pri pokl\u00e1dke smerujte nahor). Jednotliv\u00e9 pl\u00e1ty izol\u00e1cie s\u00fa opatren\u00e9 presahmi pre dokonal\u00e9 l\u00edcovanie dielov. Diely fixujte \u0161peci\u00e1lnou textilnou [&hellip;]<\/p>\n","protected":false},"featured_media":5828,"template":"","meta":{"inline_featured_image":false},"product_cat":[218,219,216,217],"product_tag":[],"ucel":[159],"material":[157,152,165],"class_list":{"0":"post-7088","1":"product","2":"type-product","3":"status-publish","4":"has-post-thumbnail","6":"product_cat-zvukova-izolacia","7":"product_cat-krocajova-izolacia","8":"product_cat-akustika-v-stavebnictve","9":"product_cat-podlahy-krocajova-izolacia","10":"ucel-podlaha","11":"material-netkana-textilie","12":"material-polyester","13":"material-polyetyl","15":"first","16":"instock","17":"shipping-taxable","18":"purchasable","19":"product-type-simple"},"_links":{"self":[{"href":"https:\/\/www.acousticsolution.cz\/sk\/wp-json\/wp\/v2\/product\/7088","targetHints":{"allow":["GET"]}}],"collection":[{"href":"https:\/\/www.acousticsolution.cz\/sk\/wp-json\/wp\/v2\/product"}],"about":[{"href":"https:\/\/www.acousticsolution.cz\/sk\/wp-json\/wp\/v2\/types\/product"}],"wp:featuredmedia":[{"embeddable":true,"href":"https:\/\/www.acousticsolution.cz\/sk\/wp-json\/wp\/v2\/media\/5828"}],"wp:attachment":[{"href":"https:\/\/www.acousticsolution.cz\/sk\/wp-json\/wp\/v2\/media?parent=7088"}],"wp:term":[{"taxonomy":"product_cat","embeddable":true,"href":"https:\/\/www.acousticsolution.cz\/sk\/wp-json\/wp\/v2\/product_cat?post=7088"},{"taxonomy":"product_tag","embeddable":true,"href":"https:\/\/www.acousticsolution.cz\/sk\/wp-json\/wp\/v2\/product_tag?post=7088"},{"taxonomy":"ucel","embeddable":true,"href":"https:\/\/www.acousticsolution.cz\/sk\/wp-json\/wp\/v2\/ucel?post=7088"},{"taxonomy":"material","embeddable":true,"href":"https:\/\/www.acousticsolution.cz\/sk\/wp-json\/wp\/v2\/material?post=7088"}],"curies":[{"name":"wp","href":"https:\/\/api.w.org\/{rel}","templated":true}]}}