{"id":7090,"date":"2023-04-03T07:46:41","date_gmt":"2023-04-03T05:46:41","guid":{"rendered":"https:\/\/www.acousticsolution.cz\/akusticke-obrazy-mappyfiber-digital-painting\/"},"modified":"2025-06-11T16:40:59","modified_gmt":"2025-06-11T14:40:59","slug":"akusticke-obrazy-mappyfiber-digital-painting","status":"publish","type":"product","link":"https:\/\/www.acousticsolution.cz\/sk\/akusticke-obrazy-mappyfiber-digital-painting\/","title":{"rendered":"Akustick\u00e9 obrazy Mappyfiber DIGITAL PRINTING"},"content":{"rendered":"<p>Mappyfiber DIGITAL PRINTING je panel z&nbsp;polyesterov\u00fdch vl\u00e1kien upraven\u00fd digit\u00e1lnou tla\u010dou, kresbou alebo ma\u013ebou.<\/p>\n<p>Tento akustick\u00fd obraz zabra\u0148uje vzniku ozveny, zvy\u0161uje zrozumite\u013enos\u0165 re\u010di a&nbsp;zni\u017euje hluk vo ve\u013ek\u00fdch miestnostiach, kancel\u00e1ri\u00e1ch a&nbsp;verejn\u00fdch priestoroch. Ide o&nbsp;panel Mappyfiber, ktor\u00fd nijako nestr\u00e1ca svoje akustick\u00e9 vlastnosti. Ide o&nbsp;funk\u010dn\u00fd a&nbsp;pritom estetick\u00fd doplnok interi\u00e9ru.<\/p>\n<p>In\u0161tal\u00e1cia je jednoduch\u00e1, r\u00fdchla a&nbsp;\u010dist\u00e1. Obrazy mo\u017eno pripevni\u0165 priamo na stenu pomocou lepidla alebo ich mo\u017eno v\u010faka pr\u00edprave V3 alebo V4 zavesi\u0165 na stenu ako klasick\u00fd obraz.<\/p>\n<p>Mappyfiber je bezpe\u010dn\u00fd, nepredstavuje \u017eiadne zdravotn\u00e9 riziko a&nbsp;v&nbsp;priebehu rokov nedegraduje. Dosky s\u00fa \u0161etrn\u00e9 k&nbsp;\u017eivotn\u00e9mu prostrediu. S\u00fa vyroben\u00e9 z&nbsp;plastov\u00fdch PET flia\u0161 a&nbsp;s\u00fa \u00faplne recyklovate\u013en\u00e9.<\/p>\n<p>Mappyfiber je paropriepustn\u00fd, tak\u017ee sa m\u00f4\u017ee pou\u017e\u00edva\u0165 v&nbsp;priestoroch s&nbsp;vysokou vlhkos\u0165ou.<\/p>\n<p>Panel Mappyfiber je predov\u0161etk\u00fdm akustick\u00fd panel a&nbsp;jeho zobrazovacie schopnosti s\u00fa logicky obmedzen\u00e9. Povrch je ve\u013emi hladk\u00fd, ale nedosahuje najvy\u0161\u0161ie rozl\u00ed\u0161enie. Preto nemo\u017eno o\u010dak\u00e1va\u0165 v\u00fdsledok ako pri plag\u00e1te alebo tla\u010diarenskom papieri, hoci kvalita tla\u010de je na dan\u00fd \u00fa\u010del vynikaj\u00faca. Na tla\u010d panelov pou\u017e\u00edvame profesion\u00e1lne stroje Canon v&nbsp;spolupr\u00e1ci so \u0161t\u00fadiom Graffis.<\/p>\n<p>Po\u017eiadavky na kvalitu fotografi\u00ed<br \/>\nVzh\u013eadom na ve\u013ekos\u0165 panelov je potrebn\u00e9 dba\u0165 na v\u00fdber kvalitn\u00fdch fotografi\u00ed. Tla\u010diare\u0148 dok\u00e1\u017ee pomocou algoritmu upravi\u0165 v\u00fdsledn\u00fd poh\u013ead, ale \u010d\u00edm kvalitnej\u0161iu fotografiu z\u00e1kazn\u00edk dod\u00e1, t\u00fdm lep\u0161\u00ed bude v\u00fdsledn\u00fd obraz.<\/p>\n<p>V\u00fdhody:<br \/>\n&#8211; vynikaj\u00face absorp\u010dn\u00e9 vlastnosti<br \/>\n&#8211; dlh\u00e1 \u017eivotnos\u0165<\/p>\n<p>Pon\u00fakan\u00e9 rozmery (mm):<br \/>\n600 x 600<br \/>\n600 x 1200<br \/>\n1000 x 2000<br \/>\n1200 x 1200<br \/>\nkruh \u00d8 600<br \/>\nkruh \u00d8 1200<\/p>\n<p>Hr\u00fabka: 40 mm<\/p>\n<p>Okrem t\u00fdchto rozmerov pon\u00fakame mo\u017enos\u0165 rezania panelov na ak\u00fdko\u013evek form\u00e1t. Cena rezu je 35,- Sk\/m bez DPH.<\/p>\n","protected":false},"excerpt":{"rendered":"<p>Mappyfiber DIGITAL PRINTING je panel z&nbsp;polyesterov\u00fdch vl\u00e1kien upraven\u00fd digit\u00e1lnou tla\u010dou, kresbou alebo ma\u013ebou. Tento akustick\u00fd obraz zabra\u0148uje vzniku ozveny, zvy\u0161uje zrozumite\u013enos\u0165 re\u010di a&nbsp;zni\u017euje hluk vo ve\u013ek\u00fdch miestnostiach, kancel\u00e1ri\u00e1ch a&nbsp;verejn\u00fdch priestoroch. Ide o&nbsp;panel Mappyfiber, ktor\u00fd nijako nestr\u00e1ca svoje akustick\u00e9 vlastnosti. Ide o&nbsp;funk\u010dn\u00fd a&nbsp;pritom estetick\u00fd doplnok interi\u00e9ru. In\u0161tal\u00e1cia je jednoduch\u00e1, r\u00fdchla a&nbsp;\u010dist\u00e1. Obrazy mo\u017eno pripevni\u0165 priamo na [&hellip;]<\/p>\n","protected":false},"featured_media":5857,"template":"","meta":{"inline_featured_image":false},"product_cat":[235,196,197,211,214,192,208,194,234],"product_tag":[],"ucel":[158],"material":[152],"class_list":{"0":"post-7090","1":"product","2":"type-product","3":"status-publish","4":"has-post-thumbnail","6":"product_cat-akusticke-obrazy-sk","7":"product_cat-akusticke-panely-sk","8":"product_cat-dizajnove-akusticke-panely","9":"product_cat-akustika-pre-skoly-a-obce","10":"product_cat-mappyfiber-sk-2","11":"product_cat-akustika-v-interieri","12":"product_cat-mappyfiber-sk","13":"product_cat-luxusne-dizajnove-prvky-pre-akustiku","14":"product_cat-mappyfiber-sk-3","15":"ucel-stena","16":"material-polyester","18":"first","19":"instock","20":"shipping-taxable","21":"purchasable","22":"product-type-simple"},"_links":{"self":[{"href":"https:\/\/www.acousticsolution.cz\/sk\/wp-json\/wp\/v2\/product\/7090","targetHints":{"allow":["GET"]}}],"collection":[{"href":"https:\/\/www.acousticsolution.cz\/sk\/wp-json\/wp\/v2\/product"}],"about":[{"href":"https:\/\/www.acousticsolution.cz\/sk\/wp-json\/wp\/v2\/types\/product"}],"wp:featuredmedia":[{"embeddable":true,"href":"https:\/\/www.acousticsolution.cz\/sk\/wp-json\/wp\/v2\/media\/5857"}],"wp:attachment":[{"href":"https:\/\/www.acousticsolution.cz\/sk\/wp-json\/wp\/v2\/media?parent=7090"}],"wp:term":[{"taxonomy":"product_cat","embeddable":true,"href":"https:\/\/www.acousticsolution.cz\/sk\/wp-json\/wp\/v2\/product_cat?post=7090"},{"taxonomy":"product_tag","embeddable":true,"href":"https:\/\/www.acousticsolution.cz\/sk\/wp-json\/wp\/v2\/product_tag?post=7090"},{"taxonomy":"ucel","embeddable":true,"href":"https:\/\/www.acousticsolution.cz\/sk\/wp-json\/wp\/v2\/ucel?post=7090"},{"taxonomy":"material","embeddable":true,"href":"https:\/\/www.acousticsolution.cz\/sk\/wp-json\/wp\/v2\/material?post=7090"}],"curies":[{"name":"wp","href":"https:\/\/api.w.org\/{rel}","templated":true}]}}