{"id":7094,"date":"2023-04-03T09:34:48","date_gmt":"2023-04-03T07:34:48","guid":{"rendered":"https:\/\/www.acousticsolution.cz\/akusticky-panel-mappyfiber-wavy\/"},"modified":"2025-07-07T18:00:20","modified_gmt":"2025-07-07T16:00:20","slug":"akusticky-panel-mappyfiber-wavy","status":"publish","type":"product","link":"https:\/\/www.acousticsolution.cz\/sk\/akusticky-panel-mappyfiber-wavy\/","title":{"rendered":"Akustick\u00fd panel Mappyfiber Wavy"},"content":{"rendered":"<p>Mappyfiber Wavy je zvuk pohlcuj\u00faci syst\u00e9m pre steny a&nbsp;stropy. Polyesterov\u00e9 vl\u00e1kno je pri t\u00fdchto paneloch tvarovan\u00e9 ako vlny. Tento dizajnov\u00fd prvok v\u00fdrazne zni\u017euje ozvenu, zni\u017euje hladinu hluku a&nbsp;zvy\u0161uje zrozumite\u013enos\u0165 re\u010di v&nbsp;interi\u00e9ri. Rozmery sa do istej miery prisp\u00f4sobia po\u017eiadavk\u00e1m z\u00e1kazn\u00edka. V\u00fdrobok je k&nbsp;dispoz\u00edcii v&nbsp;bielej, \u010diernej a&nbsp;zelenej farbe alebo vo farb\u00e1ch zo vzorkovn\u00edka RAL.<\/p>\n<p>Dostupn\u00e9 rozmery moduly s&nbsp;nastavite\u013enou \u0161\u00edrkou od V1970 mm x D840 mm<\/p>\n<p>&nbsp;<\/p>\n<p>&nbsp;<\/p>\n","protected":false},"excerpt":{"rendered":"<p>Mappyfiber Wavy je zvuk pohlcuj\u00faci syst\u00e9m pre steny a&nbsp;stropy. Polyesterov\u00e9 vl\u00e1kno je pri t\u00fdchto paneloch tvarovan\u00e9 ako vlny. Tento dizajnov\u00fd prvok v\u00fdrazne zni\u017euje ozvenu, zni\u017euje hladinu hluku a&nbsp;zvy\u0161uje zrozumite\u013enos\u0165 re\u010di v&nbsp;interi\u00e9ri. Rozmery sa do istej miery prisp\u00f4sobia po\u017eiadavk\u00e1m z\u00e1kazn\u00edka. V\u00fdrobok je k&nbsp;dispoz\u00edcii v&nbsp;bielej, \u010diernej a&nbsp;zelenej farbe alebo vo farb\u00e1ch zo vzorkovn\u00edka RAL. Dostupn\u00e9 rozmery moduly [&hellip;]<\/p>\n","protected":false},"featured_media":5863,"template":"","meta":{"inline_featured_image":false},"product_cat":[196,197,192,208,194,234],"product_tag":[],"ucel":[161],"material":[152],"class_list":{"0":"post-7094","1":"product","2":"type-product","3":"status-publish","4":"has-post-thumbnail","6":"product_cat-akusticke-panely-sk","7":"product_cat-dizajnove-akusticke-panely","8":"product_cat-akustika-v-interieri","9":"product_cat-mappyfiber-sk","10":"product_cat-luxusne-dizajnove-prvky-pre-akustiku","11":"product_cat-mappyfiber-sk-3","12":"ucel-strop","13":"material-polyester","15":"first","16":"instock","17":"shipping-taxable","18":"purchasable","19":"product-type-simple"},"_links":{"self":[{"href":"https:\/\/www.acousticsolution.cz\/sk\/wp-json\/wp\/v2\/product\/7094","targetHints":{"allow":["GET"]}}],"collection":[{"href":"https:\/\/www.acousticsolution.cz\/sk\/wp-json\/wp\/v2\/product"}],"about":[{"href":"https:\/\/www.acousticsolution.cz\/sk\/wp-json\/wp\/v2\/types\/product"}],"wp:featuredmedia":[{"embeddable":true,"href":"https:\/\/www.acousticsolution.cz\/sk\/wp-json\/wp\/v2\/media\/5863"}],"wp:attachment":[{"href":"https:\/\/www.acousticsolution.cz\/sk\/wp-json\/wp\/v2\/media?parent=7094"}],"wp:term":[{"taxonomy":"product_cat","embeddable":true,"href":"https:\/\/www.acousticsolution.cz\/sk\/wp-json\/wp\/v2\/product_cat?post=7094"},{"taxonomy":"product_tag","embeddable":true,"href":"https:\/\/www.acousticsolution.cz\/sk\/wp-json\/wp\/v2\/product_tag?post=7094"},{"taxonomy":"ucel","embeddable":true,"href":"https:\/\/www.acousticsolution.cz\/sk\/wp-json\/wp\/v2\/ucel?post=7094"},{"taxonomy":"material","embeddable":true,"href":"https:\/\/www.acousticsolution.cz\/sk\/wp-json\/wp\/v2\/material?post=7094"}],"curies":[{"name":"wp","href":"https:\/\/api.w.org\/{rel}","templated":true}]}}