{"id":7096,"date":"2023-04-03T09:45:49","date_gmt":"2023-04-03T07:45:49","guid":{"rendered":"https:\/\/www.acousticsolution.cz\/akusticky-panel-mappyfiber-cloud\/"},"modified":"2025-06-11T16:25:12","modified_gmt":"2025-06-11T14:25:12","slug":"akusticky-panel-mappyfiber-cloud","status":"publish","type":"product","link":"https:\/\/www.acousticsolution.cz\/sk\/akusticky-panel-mappyfiber-cloud\/","title":{"rendered":"Akustick\u00fd panel Mappyfiber Cloud"},"content":{"rendered":"<div>Mappyfiber Cloud je panel z&nbsp;polyesterov\u00fdch vl\u00e1kien s&nbsp;nosnou kovovou kon\u0161trukciou. Svoj\u00edm tvarom pripom\u00edna mrak. Tento dizajnov\u00fd prvok v\u00fdrazne zni\u017euje ozvenu, zni\u017euje hladinu hluku a&nbsp;zvy\u0161uje zrozumite\u013enos\u0165 re\u010di v&nbsp;interi\u00e9ri. Je vhodn\u00fd do ve\u013ek\u00fdch aj do men\u0161\u00edch priestorov, preto\u017ee rozmery s\u00fa prisp\u00f4sobite\u013en\u00e9 po\u017eiadavk\u00e1m z\u00e1kazn\u00edka.<\/div>\n<div>V\u00fdrobok je k&nbsp;dispoz\u00edcii v&nbsp;bielej, \u010diernej a&nbsp;zelenej farbe alebo vo farb\u00e1ch zo vzorkovn\u00edka RAL.<\/div>\n<p>&nbsp;<\/p>\n<p>Dostupn\u00e9 rozmery<br \/>\n\u0161tandardn\u00e1 ve\u013ekos\u0165 priemer 2&nbsp;m prisp\u00f4sobite\u013en\u00fd po\u017eiadavk\u00e1m z\u00e1kazn\u00edka a\u017e do priemeru 4&nbsp;m<\/p>\n<p>aw = 1<br \/>\nNRC = 0,95<\/p>\n","protected":false},"excerpt":{"rendered":"<p>Mappyfiber Cloud je panel z&nbsp;polyesterov\u00fdch vl\u00e1kien s&nbsp;nosnou kovovou kon\u0161trukciou. Svoj\u00edm tvarom pripom\u00edna mrak. Tento dizajnov\u00fd prvok v\u00fdrazne zni\u017euje ozvenu, zni\u017euje hladinu hluku a&nbsp;zvy\u0161uje zrozumite\u013enos\u0165 re\u010di v&nbsp;interi\u00e9ri. Je vhodn\u00fd do ve\u013ek\u00fdch aj do men\u0161\u00edch priestorov, preto\u017ee rozmery s\u00fa prisp\u00f4sobite\u013en\u00e9 po\u017eiadavk\u00e1m z\u00e1kazn\u00edka. V\u00fdrobok je k&nbsp;dispoz\u00edcii v&nbsp;bielej, \u010diernej a&nbsp;zelenej farbe alebo vo farb\u00e1ch zo vzorkovn\u00edka RAL. &nbsp; Dostupn\u00e9 [&hellip;]<\/p>\n","protected":false},"featured_media":5862,"template":"","meta":{"inline_featured_image":false},"product_cat":[196,197,192,208,194,234],"product_tag":[],"ucel":[161],"material":[152],"class_list":{"0":"post-7096","1":"product","2":"type-product","3":"status-publish","4":"has-post-thumbnail","6":"product_cat-akusticke-panely-sk","7":"product_cat-dizajnove-akusticke-panely","8":"product_cat-akustika-v-interieri","9":"product_cat-mappyfiber-sk","10":"product_cat-luxusne-dizajnove-prvky-pre-akustiku","11":"product_cat-mappyfiber-sk-3","12":"ucel-strop","13":"material-polyester","15":"first","16":"instock","17":"shipping-taxable","18":"purchasable","19":"product-type-simple"},"_links":{"self":[{"href":"https:\/\/www.acousticsolution.cz\/sk\/wp-json\/wp\/v2\/product\/7096","targetHints":{"allow":["GET"]}}],"collection":[{"href":"https:\/\/www.acousticsolution.cz\/sk\/wp-json\/wp\/v2\/product"}],"about":[{"href":"https:\/\/www.acousticsolution.cz\/sk\/wp-json\/wp\/v2\/types\/product"}],"wp:featuredmedia":[{"embeddable":true,"href":"https:\/\/www.acousticsolution.cz\/sk\/wp-json\/wp\/v2\/media\/5862"}],"wp:attachment":[{"href":"https:\/\/www.acousticsolution.cz\/sk\/wp-json\/wp\/v2\/media?parent=7096"}],"wp:term":[{"taxonomy":"product_cat","embeddable":true,"href":"https:\/\/www.acousticsolution.cz\/sk\/wp-json\/wp\/v2\/product_cat?post=7096"},{"taxonomy":"product_tag","embeddable":true,"href":"https:\/\/www.acousticsolution.cz\/sk\/wp-json\/wp\/v2\/product_tag?post=7096"},{"taxonomy":"ucel","embeddable":true,"href":"https:\/\/www.acousticsolution.cz\/sk\/wp-json\/wp\/v2\/ucel?post=7096"},{"taxonomy":"material","embeddable":true,"href":"https:\/\/www.acousticsolution.cz\/sk\/wp-json\/wp\/v2\/material?post=7096"}],"curies":[{"name":"wp","href":"https:\/\/api.w.org\/{rel}","templated":true}]}}