{"id":7099,"date":"2023-04-03T09:50:28","date_gmt":"2023-04-03T07:50:28","guid":{"rendered":"https:\/\/www.acousticsolution.cz\/akusticky-panel-mappycubic\/"},"modified":"2025-06-12T18:05:40","modified_gmt":"2025-06-12T16:05:40","slug":"akusticky-panel-mappycubic","status":"publish","type":"product","link":"https:\/\/www.acousticsolution.cz\/sk\/akusticky-panel-mappycubic\/","title":{"rendered":"Akustick\u00fd panel Mappycubic"},"content":{"rendered":"<p>Akustick\u00e1 absorp\u010dn\u00e1 kocka<\/p>\n<p>Dizajnov\u00fd prvok na v\u00fdrazn\u00fa redukciu ozveny, zn\u00ed\u017eenie hluku a&nbsp;zv\u00fd\u0161enie zrozumite\u013enosti re\u010di vo ve\u013ek\u00fdch priestoroch s&nbsp;vysok\u00fdmi stropmi. \u0160es\u0165 zvukovo pohltiv\u00fdch pl\u00f4ch poskytuje vysok\u00fd akustick\u00fd korek\u010dn\u00fd v\u00fdkon.<\/p>\n<p>Kocky s\u00fa vyroben\u00e9 z&nbsp;polyesterov\u00fdch vl\u00e1kien a&nbsp;potiahnut\u00e9 funk\u010dnou tkaninou. K&nbsp;dispoz\u00edcii je cel\u00fd rad farebn\u00fdch variantov. S\u00fa paropriepustn\u00e9, tak\u017ee s\u00fa vhodn\u00e9 do priestorov s&nbsp;vysokou vlhkos\u0165ou. S\u00fa \u00faplne bezpe\u010dn\u00e9, nepredstavuj\u00fa \u017eiadne zdravotn\u00e9 riziko a&nbsp;v&nbsp;priebehu rokov nedegraduj\u00fa.<\/p>\n<p>Pou\u017eitie<br \/>\nAbsorp\u010dn\u00e9 kocky Mappycubic sa daj\u00fa jednoducho zavesi\u0165 na oce\u013eov\u00e9 lano pomocou in\u0161tala\u010dnej s\u00fapravy. R\u00fdchla a&nbsp;\u010dist\u00e1 in\u0161tal\u00e1cia.<\/p>\n<p>V\u00fdhody:<br \/>\n&#8211; vynikaj\u00face absorp\u010dn\u00e9 vlastnosti<br \/>\n&#8211; ve\u013ek\u00e1 \u0161k\u00e1la farebn\u00fdch preveden\u00ed<br \/>\n&#8211; dlh\u00e1 \u017eivotnos\u0165<br \/>\n&#8211; um\u00fdvate\u013en\u00fd povrch<\/p>\n<p>Rozmery (mm): 250 x 250 x 250<br \/>\nRozmery (mm): 500 x 500 x 500<\/p>\n","protected":false},"excerpt":{"rendered":"<p>Akustick\u00e1 absorp\u010dn\u00e1 kocka Dizajnov\u00fd prvok na v\u00fdrazn\u00fa redukciu ozveny, zn\u00ed\u017eenie hluku a&nbsp;zv\u00fd\u0161enie zrozumite\u013enosti re\u010di vo ve\u013ek\u00fdch priestoroch s&nbsp;vysok\u00fdmi stropmi. \u0160es\u0165 zvukovo pohltiv\u00fdch pl\u00f4ch poskytuje vysok\u00fd akustick\u00fd korek\u010dn\u00fd v\u00fdkon. Kocky s\u00fa vyroben\u00e9 z&nbsp;polyesterov\u00fdch vl\u00e1kien a&nbsp;potiahnut\u00e9 funk\u010dnou tkaninou. K&nbsp;dispoz\u00edcii je cel\u00fd rad farebn\u00fdch variantov. S\u00fa paropriepustn\u00e9, tak\u017ee s\u00fa vhodn\u00e9 do priestorov s&nbsp;vysokou vlhkos\u0165ou. S\u00fa \u00faplne bezpe\u010dn\u00e9, nepredstavuj\u00fa [&hellip;]<\/p>\n","protected":false},"featured_media":5844,"template":"","meta":{"inline_featured_image":false},"product_cat":[196,197,192,208],"product_tag":[],"ucel":[161],"material":[156,152],"class_list":{"0":"post-7099","1":"product","2":"type-product","3":"status-publish","4":"has-post-thumbnail","6":"product_cat-akusticke-panely-sk","7":"product_cat-dizajnove-akusticke-panely","8":"product_cat-akustika-v-interieri","9":"product_cat-mappyfiber-sk","10":"ucel-strop","11":"material-latka","12":"material-polyester","14":"first","15":"instock","16":"shipping-taxable","17":"purchasable","18":"product-type-variable"},"_links":{"self":[{"href":"https:\/\/www.acousticsolution.cz\/sk\/wp-json\/wp\/v2\/product\/7099","targetHints":{"allow":["GET"]}}],"collection":[{"href":"https:\/\/www.acousticsolution.cz\/sk\/wp-json\/wp\/v2\/product"}],"about":[{"href":"https:\/\/www.acousticsolution.cz\/sk\/wp-json\/wp\/v2\/types\/product"}],"wp:featuredmedia":[{"embeddable":true,"href":"https:\/\/www.acousticsolution.cz\/sk\/wp-json\/wp\/v2\/media\/5844"}],"wp:attachment":[{"href":"https:\/\/www.acousticsolution.cz\/sk\/wp-json\/wp\/v2\/media?parent=7099"}],"wp:term":[{"taxonomy":"product_cat","embeddable":true,"href":"https:\/\/www.acousticsolution.cz\/sk\/wp-json\/wp\/v2\/product_cat?post=7099"},{"taxonomy":"product_tag","embeddable":true,"href":"https:\/\/www.acousticsolution.cz\/sk\/wp-json\/wp\/v2\/product_tag?post=7099"},{"taxonomy":"ucel","embeddable":true,"href":"https:\/\/www.acousticsolution.cz\/sk\/wp-json\/wp\/v2\/ucel?post=7099"},{"taxonomy":"material","embeddable":true,"href":"https:\/\/www.acousticsolution.cz\/sk\/wp-json\/wp\/v2\/material?post=7099"}],"curies":[{"name":"wp","href":"https:\/\/api.w.org\/{rel}","templated":true}]}}