{"id":7104,"date":"2023-04-03T13:16:26","date_gmt":"2023-04-03T11:16:26","guid":{"rendered":"https:\/\/www.acousticsolution.cz\/zvukova-izolacia-mappysil-cr-re\/"},"modified":"2025-02-11T18:08:32","modified_gmt":"2025-02-11T17:08:32","slug":"zvukova-izolacia-mappysil-cr-re","status":"publish","type":"product","link":"https:\/\/www.acousticsolution.cz\/sk\/zvukova-izolacia-mappysil-cr-re\/","title":{"rendered":"Zvukov\u00e1 izol\u00e1cia Mappysil CR RE"},"content":{"rendered":"<p>Akustick\u00fd izola\u010dn\u00fd a&nbsp;absorp\u010dn\u00fd materi\u00e1l vyroben\u00fd z&nbsp;dvoch samozh\u00e1\u0161av\u00fdch polyuret\u00e1nov\u00fdch vrstiev s&nbsp;otvoren\u00fdmi p\u00f3rmi. Medzi vrstvy je vlo\u017een\u00e1 elastomerick\u00e1 membr\u00e1na s&nbsp;vysokou hustotou (Mappysilent). Produkt je k&nbsp;dispoz\u00edcii aj ako samolepiaci s&nbsp;akrylov\u00fdm lepidlom na vodnej b\u00e1ze (len na dotaz).<\/p>\n<p>Jeden z&nbsp;prv\u00fdch produktov spolo\u010dnosti Mappy, ktor\u00fd je navrhnut\u00fd ako vysoko v\u00fdkonn\u00fd zvukovo izola\u010dn\u00fd materi\u00e1l. Pou\u017e\u00edva sa najm\u00e4 v&nbsp;priemyseln\u00fdch odboroch. Je vhodn\u00fd <strong>pre n\u00edzke a&nbsp;stredn\u00e9 frekvencie<\/strong>.<\/p>\n<p>Mappysil CR RE je ide\u00e1lny pre <strong>termoakustick\u00fa izol\u00e1ciu<\/strong> stien a&nbsp;stropov pomocou jedin\u00e9ho v\u00fdrobku. Typick\u00e1 je in\u0161tal\u00e1cia na v\u0161etky plochy stropov alebo stien z&nbsp;\u013eubovo\u013en\u00fdch materi\u00e1lov. V\u010faka jeho hr\u00fabke je mo\u017en\u00e9 panel \u013eahko zasun\u00fa\u0165 do dut\u00edn v&nbsp;sten\u00e1ch.<\/p>\n<p>Rozmery (mm)<br \/>\nHr\u00fabka 2 cm: 20 \/ 1000 \/ 10&nbsp;000<br \/>\nHr\u00fabka 3 cm: 30 \/ 1000 \/ 10&nbsp;000<\/p>\n","protected":false},"excerpt":{"rendered":"<p>Akustick\u00fd izola\u010dn\u00fd a&nbsp;absorp\u010dn\u00fd materi\u00e1l vyroben\u00fd z&nbsp;dvoch samozh\u00e1\u0161av\u00fdch polyuret\u00e1nov\u00fdch vrstiev s&nbsp;otvoren\u00fdmi p\u00f3rmi. Medzi vrstvy je vlo\u017een\u00e1 elastomerick\u00e1 membr\u00e1na s&nbsp;vysokou hustotou (Mappysilent). Produkt je k&nbsp;dispoz\u00edcii aj ako samolepiaci s&nbsp;akrylov\u00fdm lepidlom na vodnej b\u00e1ze (len na dotaz). Jeden z&nbsp;prv\u00fdch produktov spolo\u010dnosti Mappy, ktor\u00fd je navrhnut\u00fd ako vysoko v\u00fdkonn\u00fd zvukovo izola\u010dn\u00fd materi\u00e1l. Pou\u017e\u00edva sa najm\u00e4 v&nbsp;priemyseln\u00fdch odboroch. Je vhodn\u00fd [&hellip;]<\/p>\n","protected":false},"featured_media":5853,"template":"","meta":{"inline_featured_image":false},"product_cat":[218,221,222,216,223],"product_tag":[],"ucel":[158,161],"material":[153,154],"class_list":{"0":"post-7104","1":"product","2":"type-product","3":"status-publish","4":"has-post-thumbnail","6":"product_cat-zvukova-izolacia","7":"product_cat-odhlucnenie-stien","8":"product_cat-odhlucnenie-stropu","9":"product_cat-akustika-v-stavebnictve","10":"product_cat-priecky-stropy-hobby","11":"ucel-stena","12":"ucel-strop","13":"material-guma","14":"material-polyuretan","16":"first","17":"instock","18":"shipping-taxable","19":"purchasable","20":"product-type-simple"},"_links":{"self":[{"href":"https:\/\/www.acousticsolution.cz\/sk\/wp-json\/wp\/v2\/product\/7104","targetHints":{"allow":["GET"]}}],"collection":[{"href":"https:\/\/www.acousticsolution.cz\/sk\/wp-json\/wp\/v2\/product"}],"about":[{"href":"https:\/\/www.acousticsolution.cz\/sk\/wp-json\/wp\/v2\/types\/product"}],"wp:featuredmedia":[{"embeddable":true,"href":"https:\/\/www.acousticsolution.cz\/sk\/wp-json\/wp\/v2\/media\/5853"}],"wp:attachment":[{"href":"https:\/\/www.acousticsolution.cz\/sk\/wp-json\/wp\/v2\/media?parent=7104"}],"wp:term":[{"taxonomy":"product_cat","embeddable":true,"href":"https:\/\/www.acousticsolution.cz\/sk\/wp-json\/wp\/v2\/product_cat?post=7104"},{"taxonomy":"product_tag","embeddable":true,"href":"https:\/\/www.acousticsolution.cz\/sk\/wp-json\/wp\/v2\/product_tag?post=7104"},{"taxonomy":"ucel","embeddable":true,"href":"https:\/\/www.acousticsolution.cz\/sk\/wp-json\/wp\/v2\/ucel?post=7104"},{"taxonomy":"material","embeddable":true,"href":"https:\/\/www.acousticsolution.cz\/sk\/wp-json\/wp\/v2\/material?post=7104"}],"curies":[{"name":"wp","href":"https:\/\/api.w.org\/{rel}","templated":true}]}}