{"id":7146,"date":"2023-11-14T20:34:25","date_gmt":"2023-11-14T19:34:25","guid":{"rendered":"https:\/\/www.acousticsolution.cz\/mappyfiber-linear-curved\/"},"modified":"2026-03-31T00:38:17","modified_gmt":"2026-03-30T22:38:17","slug":"mappyfiber-linear-curved","status":"publish","type":"product","link":"https:\/\/www.acousticsolution.cz\/sk\/mappyfiber-linear-curved\/","title":{"rendered":"Mappyfiber Linear Curved"},"content":{"rendered":"<p>Akustick\u00fd absorp\u010dn\u00fd panel so zaoblenou hranou.<br \/>\nZabra\u0148uje vzniku ozveny, zvy\u0161uje zrozumite\u013enos\u0165 re\u010di a&nbsp;zni\u017euje hluk v&nbsp;miestnostiach. Kdispoz\u00edcii je v&nbsp;rade farebn\u00fdch variantov, aby sp\u013a\u0148al n\u00e1ro\u010dn\u00e9 po\u017eiadavky na estetiku a&nbsp;dizajn.<br \/>\nPanel je samonosn\u00fd, tuh\u00fd, ale \u013eahk\u00fd.<br \/>\nM\u00f4\u017ee by\u0165 aplikovan\u00fd na steny aj na stropy. In\u0161tal\u00e1cia je jednoduch\u00e1, r\u00fdchla a&nbsp;\u010dist\u00e1. Panely jemo\u017en\u00e9 upevni\u0165 priamo na povrch pomocou lepidla na neopr\u00e9novej b\u00e1ze alebo ich zavesi\u0165 zostropu pomocou oce\u013eov\u00fdch laniek.<\/p>\n<p>Akustick\u00fd panel sa vyr\u00e1ba z&nbsp;vl\u00e1kna <a href=\"https:\/\/www.acousticsolution.cz\/wp-content\/uploads\/2023\/04\/mappyfiber_curved_bila.png\"><strong><em>bielej <\/em><\/strong><\/a>farby, <a href=\"https:\/\/www.acousticsolution.cz\/wp-content\/uploads\/2023\/04\/mappyfiber_curved_cerna.png\"><em><strong>\u010diernej<\/strong><\/em><\/a> farby a&nbsp;farby <strong><em><a href=\"https:\/\/www.acousticsolution.cz\/wp-content\/uploads\/2023\/04\/mappyfiber_curved_melange.png\">melange<\/a><\/em><\/strong>. \u010ealej je mo\u017en\u00e9 povrch panela potiahnu\u0165 nieko\u013ek\u00fdmi druhmi text\u00edlie v&nbsp;r\u00f4znych farebn\u00fdch variantoch.<\/p>\n<p><strong>V\u00fdhody:<\/strong><br \/>\n&#8211; vynikaj\u00face absorp\u010dn\u00e9 vlastnosti<br \/>\n&#8211; \u0161irok\u00e1 \u0161k\u00e1la variantov a&nbsp;farieb<br \/>\n&#8211; dlh\u00e1 \u017eivotnos\u0165<\/p>\n<p><strong>Rozmery:<\/strong><br \/>\n1200 x 900 x 9<br \/>\n1200 x 850 x 9<br \/>\n1200 x 800 x 9<\/p>\n<p><strong>Technick\u00e1 data\u00a0<\/strong><a href=\"https:\/\/drive.google.com\/file\/d\/1nLwoizwmWmhxrNZp2sy9xJbJEZyktkNS\/view?usp=drive_link\" target=\"_blank\" rel=\"noopener\"><span style=\"color: #333399\">&gt;&gt; odkaz zde&lt;&lt;<\/span><\/a><\/p>\n<p>&nbsp;<\/p>\n","protected":false},"excerpt":{"rendered":"<p>Akustick\u00fd absorp\u010dn\u00fd panel so zaoblenou hranou. Zabra\u0148uje vzniku ozveny, zvy\u0161uje zrozumite\u013enos\u0165 re\u010di a&nbsp;zni\u017euje hluk v&nbsp;miestnostiach. Kdispoz\u00edcii je v&nbsp;rade farebn\u00fdch variantov, aby sp\u013a\u0148al n\u00e1ro\u010dn\u00e9 po\u017eiadavky na estetiku a&nbsp;dizajn. Panel je samonosn\u00fd, tuh\u00fd, ale \u013eahk\u00fd. M\u00f4\u017ee by\u0165 aplikovan\u00fd na steny aj na stropy. In\u0161tal\u00e1cia je jednoduch\u00e1, r\u00fdchla a&nbsp;\u010dist\u00e1. Panely jemo\u017en\u00e9 upevni\u0165 priamo na povrch pomocou lepidla na [&hellip;]<\/p>\n","protected":false},"featured_media":6810,"template":"","meta":{"inline_featured_image":false},"product_cat":[196,197,192,208],"product_tag":[215],"ucel":[],"material":[],"class_list":{"0":"post-7146","1":"product","2":"type-product","3":"status-publish","4":"has-post-thumbnail","6":"product_cat-akusticke-panely-sk","7":"product_cat-dizajnove-akusticke-panely","8":"product_cat-akustika-v-interieri","9":"product_cat-mappyfiber-sk","10":"product_tag-top-sk","12":"first","13":"instock","14":"shipping-taxable","15":"purchasable","16":"product-type-simple"},"_links":{"self":[{"href":"https:\/\/www.acousticsolution.cz\/sk\/wp-json\/wp\/v2\/product\/7146","targetHints":{"allow":["GET"]}}],"collection":[{"href":"https:\/\/www.acousticsolution.cz\/sk\/wp-json\/wp\/v2\/product"}],"about":[{"href":"https:\/\/www.acousticsolution.cz\/sk\/wp-json\/wp\/v2\/types\/product"}],"wp:featuredmedia":[{"embeddable":true,"href":"https:\/\/www.acousticsolution.cz\/sk\/wp-json\/wp\/v2\/media\/6810"}],"wp:attachment":[{"href":"https:\/\/www.acousticsolution.cz\/sk\/wp-json\/wp\/v2\/media?parent=7146"}],"wp:term":[{"taxonomy":"product_cat","embeddable":true,"href":"https:\/\/www.acousticsolution.cz\/sk\/wp-json\/wp\/v2\/product_cat?post=7146"},{"taxonomy":"product_tag","embeddable":true,"href":"https:\/\/www.acousticsolution.cz\/sk\/wp-json\/wp\/v2\/product_tag?post=7146"},{"taxonomy":"ucel","embeddable":true,"href":"https:\/\/www.acousticsolution.cz\/sk\/wp-json\/wp\/v2\/ucel?post=7146"},{"taxonomy":"material","embeddable":true,"href":"https:\/\/www.acousticsolution.cz\/sk\/wp-json\/wp\/v2\/material?post=7146"}],"curies":[{"name":"wp","href":"https:\/\/api.w.org\/{rel}","templated":true}]}}