{"id":7154,"date":"2023-04-04T08:19:07","date_gmt":"2023-04-04T06:19:07","guid":{"rendered":"https:\/\/www.acousticsolution.cz\/akusticky-panel-mappyfiber-curved\/"},"modified":"2026-03-31T00:28:54","modified_gmt":"2026-03-30T22:28:54","slug":"akusticky-panel-mappyfiber-curved","status":"publish","type":"product","link":"https:\/\/www.acousticsolution.cz\/sk\/akusticky-panel-mappyfiber-curved\/","title":{"rendered":"Akustick\u00fd panel Mappyfiber Curved"},"content":{"rendered":"<p>Akustick\u00fd absorp\u010dn\u00fd panel so zaoblen\u00fdmi hranami. Zabra\u0148uje ozvene, zvy\u0161uje zrozumite\u013enos\u0165 re\u010di a&nbsp;zni\u017euje hluk v&nbsp;miestnosti.<br \/>\nK&nbsp;dispoz\u00edcii v&nbsp;r\u00f4znych farb\u00e1ch, ktor\u00e9 sp\u013a\u0148aj\u00fa n\u00e1ro\u010dn\u00e9 estetick\u00e9 a&nbsp;dizajnov\u00e9 po\u017eiadavky. Panel je samonosn\u00fd, pevn\u00fd, ale \u013eahk\u00fd.<\/p>\n<p>M\u00f4\u017ee by\u0165 aplikovan\u00fd na steny a&nbsp;stropy a&nbsp;namiesto stropn\u00fdch kaziet. In\u0161tal\u00e1cia je jednoduch\u00e1, r\u00fdchla a&nbsp;\u010dist\u00e1. Panely mo\u017eno in\u0161talova\u0165 pomocou \u0161tandardn\u00fdch r\u00e1mov T24, mo\u017eno ich tie\u017e upevni\u0165 priamo na povrch pomocou lepidla na b\u00e1ze neopr\u00e9nu alebo zavesi\u0165 na strop pomocou oce\u013eov\u00fdch l\u00e1n.<\/p>\n<p>Akustick\u00fd panel sa vyr\u00e1ba z&nbsp;vl\u00e1kna <a href=\"https:\/\/www.acousticsolution.cz\/wp-content\/uploads\/2023\/04\/mappyfiber_curved_bila.png\"><strong><em>bielej farby<\/em><\/strong><\/a>, <a href=\"https:\/\/www.acousticsolution.cz\/wp-content\/uploads\/2023\/04\/mappyfiber_curved_cerna.png\"><em><strong>\u010diernej<\/strong><\/em><\/a> farby a&nbsp;farby <strong><em><a href=\"https:\/\/www.acousticsolution.cz\/wp-content\/uploads\/2023\/04\/mappyfiber_curved_melange.png\">melange<\/a><\/em><\/strong>. \u010ealej je mo\u017en\u00e9 povrch panela potiahnu\u0165 nieko\u013ek\u00fdmi druhmi text\u00edlie v&nbsp;r\u00f4znych farebn\u00fdch variantoch.<\/p>\n<p>V\u00fdhody:<br \/>\n&#8211; vynikaj\u00face absorp\u010dn\u00e9 vlastnosti<br \/>\n&#8211; \u0161irok\u00e1 \u0161k\u00e1la variantov a&nbsp;farieb<br \/>\n&#8211; dlh\u00e1 \u017eivotnos\u0165<\/p>\n<p><a href=\"https:\/\/drive.google.com\/file\/d\/1taI7T5x4EqcOH5k0d4tHhV5oz3rHpzUa\/view?usp=drive_link\" target=\"_blank\" rel=\"noopener\"><strong>Technick\u00e1 data<\/strong>\u00a0<span style=\"color: #333399\">&gt;&gt; odkaz zde&lt;&lt;<\/span><\/a><\/p>\n","protected":false},"excerpt":{"rendered":"<p>Akustick\u00fd absorp\u010dn\u00fd panel so zaoblen\u00fdmi hranami. Zabra\u0148uje ozvene, zvy\u0161uje zrozumite\u013enos\u0165 re\u010di a&nbsp;zni\u017euje hluk v&nbsp;miestnosti. K&nbsp;dispoz\u00edcii v&nbsp;r\u00f4znych farb\u00e1ch, ktor\u00e9 sp\u013a\u0148aj\u00fa n\u00e1ro\u010dn\u00e9 estetick\u00e9 a&nbsp;dizajnov\u00e9 po\u017eiadavky. Panel je samonosn\u00fd, pevn\u00fd, ale \u013eahk\u00fd. M\u00f4\u017ee by\u0165 aplikovan\u00fd na steny a&nbsp;stropy a&nbsp;namiesto stropn\u00fdch kaziet. In\u0161tal\u00e1cia je jednoduch\u00e1, r\u00fdchla a&nbsp;\u010dist\u00e1. Panely mo\u017eno in\u0161talova\u0165 pomocou \u0161tandardn\u00fdch r\u00e1mov T24, mo\u017eno ich tie\u017e upevni\u0165 priamo [&hellip;]<\/p>\n","protected":false},"featured_media":6825,"template":"","meta":{"inline_featured_image":false},"product_cat":[196,197,192,208],"product_tag":[215],"ucel":[158,161],"material":[152],"class_list":{"0":"post-7154","1":"product","2":"type-product","3":"status-publish","4":"has-post-thumbnail","6":"product_cat-akusticke-panely-sk","7":"product_cat-dizajnove-akusticke-panely","8":"product_cat-akustika-v-interieri","9":"product_cat-mappyfiber-sk","10":"product_tag-top-sk","11":"ucel-stena","12":"ucel-strop","13":"material-polyester","15":"first","16":"instock","17":"shipping-taxable","18":"purchasable","19":"product-type-variable","20":"has-default-attributes"},"_links":{"self":[{"href":"https:\/\/www.acousticsolution.cz\/sk\/wp-json\/wp\/v2\/product\/7154","targetHints":{"allow":["GET"]}}],"collection":[{"href":"https:\/\/www.acousticsolution.cz\/sk\/wp-json\/wp\/v2\/product"}],"about":[{"href":"https:\/\/www.acousticsolution.cz\/sk\/wp-json\/wp\/v2\/types\/product"}],"wp:featuredmedia":[{"embeddable":true,"href":"https:\/\/www.acousticsolution.cz\/sk\/wp-json\/wp\/v2\/media\/6825"}],"wp:attachment":[{"href":"https:\/\/www.acousticsolution.cz\/sk\/wp-json\/wp\/v2\/media?parent=7154"}],"wp:term":[{"taxonomy":"product_cat","embeddable":true,"href":"https:\/\/www.acousticsolution.cz\/sk\/wp-json\/wp\/v2\/product_cat?post=7154"},{"taxonomy":"product_tag","embeddable":true,"href":"https:\/\/www.acousticsolution.cz\/sk\/wp-json\/wp\/v2\/product_tag?post=7154"},{"taxonomy":"ucel","embeddable":true,"href":"https:\/\/www.acousticsolution.cz\/sk\/wp-json\/wp\/v2\/ucel?post=7154"},{"taxonomy":"material","embeddable":true,"href":"https:\/\/www.acousticsolution.cz\/sk\/wp-json\/wp\/v2\/material?post=7154"}],"curies":[{"name":"wp","href":"https:\/\/api.w.org\/{rel}","templated":true}]}}