{"id":7184,"date":"2023-04-03T08:43:50","date_gmt":"2023-04-03T06:43:50","guid":{"rendered":"https:\/\/www.acousticsolution.cz\/akusticky-panel-mappyfiber-twinsound\/"},"modified":"2025-10-01T16:52:47","modified_gmt":"2025-10-01T14:52:47","slug":"akusticky-panel-mappyfiber-twinsound","status":"publish","type":"product","link":"https:\/\/www.acousticsolution.cz\/sk\/akusticky-panel-mappyfiber-twinsound\/","title":{"rendered":"Akustick\u00fd panel Mappyfiber Twinsound"},"content":{"rendered":"<div class=\"container\">\n<div class=\" row tm_pb_row tm_pb_row_0\">\n<div class=\"tm_pb_column tm_pb_column_4_4 tm_pb_column_0 col-xs-12 col-sm-12 col-md-12 col-lg-12 col-xl-12 tm_pb_vertical_alligment_start\">\n<div class=\"tm_pb_text tm_pb_module tm_pb_bg_layout_light tm_pb_text_align_left tm_pb_text_1\">\n<p>Dizajnov\u00fd prvok na v\u00fdrazn\u00e9 zn\u00ed\u017eenie ozveny, zn\u00ed\u017eenie hluku a&nbsp;zv\u00fd\u0161enie zrozumite\u013enosti re\u010di v&nbsp;interi\u00e9ri.<\/p>\n<p>Panely s\u00fa vyroben\u00e9 z&nbsp;polyesterov\u00fdch vl\u00e1kien a&nbsp;z&nbsp;oboch str\u00e1n potiahnut\u00e9 l\u00e1tkou. V\u010faka tomu sp\u013a\u0148aj\u00fa nielen n\u00e1ro\u010dn\u00e9 technick\u00e9, ale aj estetick\u00e9 po\u017eiadavky. K&nbsp;dispoz\u00edcii je cel\u00fd rad farebn\u00fdch variantov.<\/p>\n<p>Mappyfiber TWINSOUND sp\u013a\u0148a platn\u00e9 bezpe\u010dnostn\u00e9 predpisy pre verejn\u00e9 priestory. V&nbsp;pr\u00edpade po\u017eiaru nedoch\u00e1dza k&nbsp;\u0161\u00edreniu plame\u0148a ani toxick\u00fdch v\u00fdparov. Polyesterov\u00e9 vl\u00e1kna s\u00fa \u00faplne bezpe\u010dn\u00e9, hypoalerg\u00e9nne a&nbsp;nepredstavuj\u00fa \u017eiadne zdravotn\u00e9 riziko. Certifik\u00e1t CE a&nbsp;BS1D0.<\/p>\n<p>Akustick\u00fd panel sa vyr\u00e1ba z&nbsp;vl\u00e1kna <a href=\"https:\/\/www.acousticsolution.cz\/wp-content\/uploads\/2023\/04\/mappyfiber_curved_bila.png\"><strong><em>bielej farby<\/em><\/strong><\/a>, <a href=\"https:\/\/www.acousticsolution.cz\/wp-content\/uploads\/2023\/04\/mappyfiber_curved_cerna.png\"><em><strong>\u010diernej<\/strong><\/em><\/a> farby a&nbsp;farby <strong><em><a href=\"https:\/\/www.acousticsolution.cz\/wp-content\/uploads\/2023\/04\/mappyfiber_curved_melange.png\">melange<\/a><\/em><\/strong>. \u010ealej je mo\u017en\u00e9 povrch panela potiahnu\u0165 nieko\u013ek\u00fdmi druhmi text\u00edlie v&nbsp;r\u00f4znych farebn\u00fdch variantoch.<\/p>\n<\/div>\n<div class=\"tm_pb_text tm_pb_module tm_pb_bg_layout_light tm_pb_text_align_left tm_pb_text_2\">\n<p>V\u00fdhody:<br \/>\n<strong>&#8211; vynikaj\u00face absorp\u010dn\u00e9 vlastnosti<br \/>\n<\/strong><strong>&#8211; \u0161irok\u00e1 \u0161k\u00e1la farieb<br \/>\n<\/strong><strong>&#8211; dlh\u00e1 \u017eivotnos\u0165<\/strong><\/p>\n<p><a href=\"https:\/\/drive.google.com\/file\/d\/1OlgKcU1HXywKfPXCjGlrJZqXoOUDfHSs\/view?usp=drive_link\" target=\"_blank\" rel=\"noopener\"><strong>Technick\u00e1 data<\/strong><span style=\"color: #333399\">&gt;&gt; odkaz zde&lt;&lt;<\/span><\/a><\/p>\n<\/div>\n<\/div>\n<\/div>\n<\/div>\n","protected":false},"excerpt":{"rendered":"<p>Dizajnov\u00fd prvok na v\u00fdrazn\u00e9 zn\u00ed\u017eenie ozveny, zn\u00ed\u017eenie hluku a&nbsp;zv\u00fd\u0161enie zrozumite\u013enosti re\u010di v&nbsp;interi\u00e9ri. Panely s\u00fa vyroben\u00e9 z&nbsp;polyesterov\u00fdch vl\u00e1kien a&nbsp;z&nbsp;oboch str\u00e1n potiahnut\u00e9 l\u00e1tkou. V\u010faka tomu sp\u013a\u0148aj\u00fa nielen n\u00e1ro\u010dn\u00e9 technick\u00e9, ale aj estetick\u00e9 po\u017eiadavky. K&nbsp;dispoz\u00edcii je cel\u00fd rad farebn\u00fdch variantov. Mappyfiber TWINSOUND sp\u013a\u0148a platn\u00e9 bezpe\u010dnostn\u00e9 predpisy pre verejn\u00e9 priestory. V&nbsp;pr\u00edpade po\u017eiaru nedoch\u00e1dza k&nbsp;\u0161\u00edreniu plame\u0148a ani toxick\u00fdch v\u00fdparov. Polyesterov\u00e9 [&hellip;]<\/p>\n","protected":false},"featured_media":6337,"template":"","meta":{"inline_featured_image":false},"product_cat":[196,197,192,208],"product_tag":[],"ucel":[161],"material":[152],"class_list":{"0":"post-7184","1":"product","2":"type-product","3":"status-publish","4":"has-post-thumbnail","6":"product_cat-akusticke-panely-sk","7":"product_cat-dizajnove-akusticke-panely","8":"product_cat-akustika-v-interieri","9":"product_cat-mappyfiber-sk","10":"ucel-strop","11":"material-polyester","13":"first","14":"instock","15":"shipping-taxable","16":"purchasable","17":"product-type-variable","18":"has-default-attributes"},"_links":{"self":[{"href":"https:\/\/www.acousticsolution.cz\/sk\/wp-json\/wp\/v2\/product\/7184","targetHints":{"allow":["GET"]}}],"collection":[{"href":"https:\/\/www.acousticsolution.cz\/sk\/wp-json\/wp\/v2\/product"}],"about":[{"href":"https:\/\/www.acousticsolution.cz\/sk\/wp-json\/wp\/v2\/types\/product"}],"wp:featuredmedia":[{"embeddable":true,"href":"https:\/\/www.acousticsolution.cz\/sk\/wp-json\/wp\/v2\/media\/6337"}],"wp:attachment":[{"href":"https:\/\/www.acousticsolution.cz\/sk\/wp-json\/wp\/v2\/media?parent=7184"}],"wp:term":[{"taxonomy":"product_cat","embeddable":true,"href":"https:\/\/www.acousticsolution.cz\/sk\/wp-json\/wp\/v2\/product_cat?post=7184"},{"taxonomy":"product_tag","embeddable":true,"href":"https:\/\/www.acousticsolution.cz\/sk\/wp-json\/wp\/v2\/product_tag?post=7184"},{"taxonomy":"ucel","embeddable":true,"href":"https:\/\/www.acousticsolution.cz\/sk\/wp-json\/wp\/v2\/ucel?post=7184"},{"taxonomy":"material","embeddable":true,"href":"https:\/\/www.acousticsolution.cz\/sk\/wp-json\/wp\/v2\/material?post=7184"}],"curies":[{"name":"wp","href":"https:\/\/api.w.org\/{rel}","templated":true}]}}