{"id":7919,"date":"2025-05-26T18:56:44","date_gmt":"2025-05-26T16:56:44","guid":{"rendered":"https:\/\/www.acousticsolution.cz\/?post_type=product&#038;p=7919"},"modified":"2025-06-13T10:02:26","modified_gmt":"2025-06-13T08:02:26","slug":"stolny-paravan","status":"publish","type":"product","link":"https:\/\/www.acousticsolution.cz\/sk\/stolny-paravan\/","title":{"rendered":"Stoln\u00fd parav\u00e1n"},"content":{"rendered":"<div class=\"container\">\n<div class=\" row tm_pb_row tm_pb_row_0\">\n<div class=\"tm_pb_column tm_pb_column_4_4 tm_pb_column_0 col-xs-12 col-sm-12 col-md-12 col-lg-12 col-xl-12 tm_pb_vertical_alligment_start\">\n<div class=\"tm_pb_text tm_pb_module tm_pb_bg_layout_light tm_pb_text_align_left tm_pb_text_1\">\n<p>Dizajnov\u00fd prvok na v\u00fdrazn\u00e9 zn\u00ed\u017eenie ozveny, zn\u00ed\u017eenie hluku a&nbsp;zv\u00fd\u0161enie zrozumite\u013enosti re\u010di v&nbsp;interi\u00e9ri.<\/p>\n<p>Panely s\u00fa vyroben\u00e9 z&nbsp;polyesterov\u00fdch vl\u00e1kien a&nbsp;z&nbsp;oboch str\u00e1n potiahnut\u00e9 l\u00e1tkou. V\u010faka tomu sp\u013a\u0148aj\u00fa nielen n\u00e1ro\u010dn\u00e9 technick\u00e9, ale aj estetick\u00e9 po\u017eiadavky. K&nbsp;dispoz\u00edcii je cel\u00fd rad farebn\u00fdch variantov.<\/p>\n<p><strong>Stoln\u00fd parav\u00e1n<\/strong> sp\u013a\u0148a platn\u00e9 bezpe\u010dnostn\u00e9 predpisy pre verejn\u00e9 priestory. V&nbsp;pr\u00edpade po\u017eiaru nedoch\u00e1dza k&nbsp;\u0161\u00edreniu plame\u0148a ani toxick\u00fdch v\u00fdparov. Polyesterov\u00e9 vl\u00e1kna s\u00fa \u00faplne bezpe\u010dn\u00e9, hypoalerg\u00e9nne a&nbsp;nepredstavuj\u00fa \u017eiadne zdravotn\u00e9 riziko. Certifik\u00e1t CE a&nbsp;BS1D0.<\/p>\n<p>V\u00fdhody:<\/p>\n<p><strong>&#8211; vynikaj\u00face absorp\u010dn\u00e9 vlastnosti<br \/>\n<\/strong><strong>&#8211; \u0161irok\u00e1 \u0161k\u00e1la farieb<br \/>\n<\/strong><strong>&#8211; dlh\u00e1 \u017eivotnos\u0165<\/strong><\/p>\n<\/div>\n<\/div>\n<\/div>\n<\/div>\n","protected":false},"excerpt":{"rendered":"<p>Dizajnov\u00fd prvok na v\u00fdrazn\u00e9 zn\u00ed\u017eenie ozveny, zn\u00ed\u017eenie hluku a&nbsp;zv\u00fd\u0161enie zrozumite\u013enosti re\u010di v&nbsp;interi\u00e9ri. Panely s\u00fa vyroben\u00e9 z&nbsp;polyesterov\u00fdch vl\u00e1kien a&nbsp;z&nbsp;oboch str\u00e1n potiahnut\u00e9 l\u00e1tkou. V\u010faka tomu sp\u013a\u0148aj\u00fa nielen n\u00e1ro\u010dn\u00e9 technick\u00e9, ale aj estetick\u00e9 po\u017eiadavky. K&nbsp;dispoz\u00edcii je cel\u00fd rad farebn\u00fdch variantov. Stoln\u00fd parav\u00e1n sp\u013a\u0148a platn\u00e9 bezpe\u010dnostn\u00e9 predpisy pre verejn\u00e9 priestory. V&nbsp;pr\u00edpade po\u017eiaru nedoch\u00e1dza k&nbsp;\u0161\u00edreniu plame\u0148a ani toxick\u00fdch v\u00fdparov. Polyesterov\u00e9 [&hellip;]<\/p>\n","protected":false},"featured_media":7974,"template":"","meta":{"inline_featured_image":false},"product_cat":[196,192,208],"product_tag":[],"ucel":[163],"material":[152],"class_list":{"0":"post-7919","1":"product","2":"type-product","3":"status-publish","4":"has-post-thumbnail","6":"product_cat-akusticke-panely-sk","7":"product_cat-akustika-v-interieri","8":"product_cat-mappyfiber-sk","9":"ucel-pricka","10":"material-polyester","12":"first","13":"instock","14":"shipping-taxable","15":"purchasable","16":"product-type-variable","17":"has-default-attributes"},"_links":{"self":[{"href":"https:\/\/www.acousticsolution.cz\/sk\/wp-json\/wp\/v2\/product\/7919","targetHints":{"allow":["GET"]}}],"collection":[{"href":"https:\/\/www.acousticsolution.cz\/sk\/wp-json\/wp\/v2\/product"}],"about":[{"href":"https:\/\/www.acousticsolution.cz\/sk\/wp-json\/wp\/v2\/types\/product"}],"wp:featuredmedia":[{"embeddable":true,"href":"https:\/\/www.acousticsolution.cz\/sk\/wp-json\/wp\/v2\/media\/7974"}],"wp:attachment":[{"href":"https:\/\/www.acousticsolution.cz\/sk\/wp-json\/wp\/v2\/media?parent=7919"}],"wp:term":[{"taxonomy":"product_cat","embeddable":true,"href":"https:\/\/www.acousticsolution.cz\/sk\/wp-json\/wp\/v2\/product_cat?post=7919"},{"taxonomy":"product_tag","embeddable":true,"href":"https:\/\/www.acousticsolution.cz\/sk\/wp-json\/wp\/v2\/product_tag?post=7919"},{"taxonomy":"ucel","embeddable":true,"href":"https:\/\/www.acousticsolution.cz\/sk\/wp-json\/wp\/v2\/ucel?post=7919"},{"taxonomy":"material","embeddable":true,"href":"https:\/\/www.acousticsolution.cz\/sk\/wp-json\/wp\/v2\/material?post=7919"}],"curies":[{"name":"wp","href":"https:\/\/api.w.org\/{rel}","templated":true}]}}